{"id":103874,"date":"2024-03-20T17:59:32","date_gmt":"2024-03-20T16:59:32","guid":{"rendered":"https:\/\/kustomshop.kinsta.cloud\/produkt\/progress-basket-singlet-jr\/"},"modified":"2026-03-27T15:33:26","modified_gmt":"2026-03-27T14:33:26","slug":"progress-basket-singlet-jr","status":"publish","type":"product","link":"https:\/\/shop.kustom.ch\/fr\/produit\/progress-basket-singlet-jr\/","title":{"rendered":"Progress Basket Singlet Jr"},"content":{"rendered":"<p>Le Progress Basket Singlet est un maillot de basket-ball de comp\u00e9tition classique qui se distingue par une fonctionnalit\u00e9 de pointe. Fabriqu\u00e9 en polyester recycl\u00e9 l\u00e9ger, ce d\u00e9bardeur offre une respirabilit\u00e9 accrue et une \u00e9vacuation \u00e9lev\u00e9e de l'humidit\u00e9 pour des performances optimales. Il est \u00e9galement doux au toucher et pr\u00e9sente une coupe ample pour un confort \u00e9lev\u00e9 et une libert\u00e9 de mouvement totale.<\/p>\n<p>Mati\u00e8re : polyester 100% - recycl\u00e9<\/p>","protected":false},"excerpt":{"rendered":"<p><span><\/span><\/p>","protected":false},"featured_media":103873,"template":"","meta":[],"product_brand":[],"product_cat":[4202],"product_tag":[],"class_list":{"0":"post-103874","1":"product","2":"type-product","3":"status-publish","4":"has-post-thumbnail","6":"product_cat-tank-tops","7":"pa_brand-craft-teamwear","8":"pa_brand-type-sportswear","9":"pa_filter-color-blau","10":"pa_filter-color-gruen","11":"pa_filter-color-rot","12":"pa_filter-color-schwarz","13":"pa_filter-color-weiss","15":"first","16":"instock","17":"sale","18":"taxable","19":"shipping-taxable","20":"purchasable","21":"product-type-variable","22":"add-to-wishlist-before_image"},"exclude_global_add_ons":[],"addons":[],"acf":[],"_links":{"self":[{"href":"https:\/\/shop.kustom.ch\/fr\/wp-json\/wp\/v2\/product\/103874"}],"collection":[{"href":"https:\/\/shop.kustom.ch\/fr\/wp-json\/wp\/v2\/product"}],"about":[{"href":"https:\/\/shop.kustom.ch\/fr\/wp-json\/wp\/v2\/types\/product"}],"wp:featuredmedia":[{"embeddable":true,"href":"https:\/\/shop.kustom.ch\/fr\/wp-json\/wp\/v2\/media\/103873"}],"wp:attachment":[{"href":"https:\/\/shop.kustom.ch\/fr\/wp-json\/wp\/v2\/media?parent=103874"}],"wp:term":[{"taxonomy":"product_brand","embeddable":true,"href":"https:\/\/shop.kustom.ch\/fr\/wp-json\/wp\/v2\/product_brand?post=103874"},{"taxonomy":"product_cat","embeddable":true,"href":"https:\/\/shop.kustom.ch\/fr\/wp-json\/wp\/v2\/product_cat?post=103874"},{"taxonomy":"product_tag","embeddable":true,"href":"https:\/\/shop.kustom.ch\/fr\/wp-json\/wp\/v2\/product_tag?post=103874"}],"curies":[{"name":"wp","href":"https:\/\/api.w.org\/{rel}","templated":true}]}}