{"id":103756,"date":"2024-03-20T17:58:59","date_gmt":"2024-03-20T16:58:59","guid":{"rendered":"https:\/\/kustomshop.kinsta.cloud\/produkt\/progress-indoor-jersey-jr\/"},"modified":"2026-03-27T15:13:33","modified_gmt":"2026-03-27T14:13:33","slug":"progress-indoor-jersey-jr","status":"publish","type":"product","link":"https:\/\/shop.kustom.ch\/fr\/produit\/progress-indoor-jersey-jr\/","title":{"rendered":"Progress Indoor Jersey Jr"},"content":{"rendered":"<p>Le Progress Indoor Jersey est un maillot d'entra\u00eenement robuste et fonctionnel en polyester recycl\u00e9. En outre, ce maillot assure une excellente \u00e9vacuation de l'humidit\u00e9 pour des performances \u00e9lev\u00e9es et un confort optimal lors d'entra\u00eenements intensifs.<\/p>\n<p>- Polyesters recycl\u00e9s<br \/>\n- Mat\u00e9riau r\u00e9sistant, robuste et \u00e9lastique<br \/>\n- Peu de coutures pour une grande r\u00e9sistance et un confort optimal<br \/>\n- Encolure ronde<\/p>\n<p>Mati\u00e8re : 84% polyester recycl\u00e9 16% \u00e9lasthanne<\/p>","protected":false},"excerpt":{"rendered":"<p><span><\/span><\/p>","protected":false},"featured_media":103755,"template":"","meta":[],"product_brand":[],"product_cat":[4201],"product_tag":[],"class_list":{"0":"post-103756","1":"product","2":"type-product","3":"status-publish","4":"has-post-thumbnail","6":"product_cat-t-shirts","7":"pa_brand-craft-teamwear","8":"pa_brand-type-sportswear","9":"pa_filter-color-blau","10":"pa_filter-color-gruen","11":"pa_filter-color-rot","12":"pa_filter-color-schwarz","13":"pa_filter-color-weiss","15":"first","16":"instock","17":"sale","18":"taxable","19":"shipping-taxable","20":"purchasable","21":"product-type-variable","22":"add-to-wishlist-before_image"},"exclude_global_add_ons":[],"addons":[],"acf":[],"_links":{"self":[{"href":"https:\/\/shop.kustom.ch\/fr\/wp-json\/wp\/v2\/product\/103756"}],"collection":[{"href":"https:\/\/shop.kustom.ch\/fr\/wp-json\/wp\/v2\/product"}],"about":[{"href":"https:\/\/shop.kustom.ch\/fr\/wp-json\/wp\/v2\/types\/product"}],"wp:featuredmedia":[{"embeddable":true,"href":"https:\/\/shop.kustom.ch\/fr\/wp-json\/wp\/v2\/media\/103755"}],"wp:attachment":[{"href":"https:\/\/shop.kustom.ch\/fr\/wp-json\/wp\/v2\/media?parent=103756"}],"wp:term":[{"taxonomy":"product_brand","embeddable":true,"href":"https:\/\/shop.kustom.ch\/fr\/wp-json\/wp\/v2\/product_brand?post=103756"},{"taxonomy":"product_cat","embeddable":true,"href":"https:\/\/shop.kustom.ch\/fr\/wp-json\/wp\/v2\/product_cat?post=103756"},{"taxonomy":"product_tag","embeddable":true,"href":"https:\/\/shop.kustom.ch\/fr\/wp-json\/wp\/v2\/product_tag?post=103756"}],"curies":[{"name":"wp","href":"https:\/\/api.w.org\/{rel}","templated":true}]}}