{"id":103644,"date":"2024-03-20T17:58:24","date_gmt":"2024-03-20T16:58:24","guid":{"rendered":"https:\/\/kustomshop.kinsta.cloud\/produkt\/adv-explore-hybrid-jacket-w\/"},"modified":"2026-04-08T21:43:10","modified_gmt":"2026-04-08T20:43:10","slug":"adv-explore-hybrid-jacket-w","status":"publish","type":"product","link":"https:\/\/shop.kustom.ch\/fr\/produit\/adv-explore-hybrid-jacket-w\/","title":{"rendered":"Veste hybride ADV Explore W"},"content":{"rendered":"<p>Veste l\u00e9g\u00e8re et matelass\u00e9e avec inserts en jersey stretch pour une meilleure libert\u00e9 de mouvement et une meilleure ventilation. Convient parfaitement comme veste ext\u00e9rieure lorsque les temp\u00e9ratures sont douces, ou comme couche interm\u00e9diaire sous une veste lorsque les conditions sont plus froides. <\/p>\n<p>- Rembourrage l\u00e9ger<br \/>\n- Capuche r\u00e9glable<br \/>\n- Inserts en jersey stretch pour une meilleure libert\u00e9 de mouvement<br \/>\n- Comme veste par temps doux<br \/>\n- Comme couche interm\u00e9diaire dans des conditions plus froides<br \/>\n- Deux poches lat\u00e9rales avec fermeture \u00e9clair<br \/>\n- Une poche int\u00e9rieure ouverte<\/p>\n<p>Composition : corps : 100% polyester, empi\u00e8cements lat\u00e9raux : 92% polyester recycl\u00e9 8% \u00e9lasthanne, doublure : 95% polyester 5% \u00e9lasthanne<\/p>","protected":false},"excerpt":{"rendered":"<p><span><\/span><\/p>","protected":false},"featured_media":103643,"template":"","meta":[],"product_brand":[],"product_cat":[4186],"product_tag":[],"class_list":{"0":"post-103644","1":"product","2":"type-product","3":"status-publish","4":"has-post-thumbnail","6":"product_cat-jacken","7":"pa_brand-craft-retail-sportswear","8":"pa_brand-type-sportswear","9":"pa_filter-color-blau","10":"pa_filter-color-grau","11":"pa_filter-color-gruen","12":"pa_filter-color-schwarz","14":"first","15":"instock","16":"sale","17":"taxable","18":"shipping-taxable","19":"purchasable","20":"product-type-variable","21":"add-to-wishlist-before_image"},"exclude_global_add_ons":[],"addons":[],"acf":[],"_links":{"self":[{"href":"https:\/\/shop.kustom.ch\/fr\/wp-json\/wp\/v2\/product\/103644"}],"collection":[{"href":"https:\/\/shop.kustom.ch\/fr\/wp-json\/wp\/v2\/product"}],"about":[{"href":"https:\/\/shop.kustom.ch\/fr\/wp-json\/wp\/v2\/types\/product"}],"wp:featuredmedia":[{"embeddable":true,"href":"https:\/\/shop.kustom.ch\/fr\/wp-json\/wp\/v2\/media\/103643"}],"wp:attachment":[{"href":"https:\/\/shop.kustom.ch\/fr\/wp-json\/wp\/v2\/media?parent=103644"}],"wp:term":[{"taxonomy":"product_brand","embeddable":true,"href":"https:\/\/shop.kustom.ch\/fr\/wp-json\/wp\/v2\/product_brand?post=103644"},{"taxonomy":"product_cat","embeddable":true,"href":"https:\/\/shop.kustom.ch\/fr\/wp-json\/wp\/v2\/product_cat?post=103644"},{"taxonomy":"product_tag","embeddable":true,"href":"https:\/\/shop.kustom.ch\/fr\/wp-json\/wp\/v2\/product_tag?post=103644"}],"curies":[{"name":"wp","href":"https:\/\/api.w.org\/{rel}","templated":true}]}}