{"id":103635,"date":"2024-03-20T17:58:19","date_gmt":"2024-03-20T16:58:19","guid":{"rendered":"https:\/\/kustomshop.kinsta.cloud\/produkt\/core-explore-rain-set-m\/"},"modified":"2026-03-27T14:56:30","modified_gmt":"2026-03-27T13:56:30","slug":"core-explore-rain-set-m","status":"publish","type":"product","link":"https:\/\/shop.kustom.ch\/fr\/produit\/core-explore-rain-set-m\/","title":{"rendered":"CORE Explore Rain Set M"},"content":{"rendered":"<p>Veste et pantalon de pluie polyvalents avec doublure en mesh. Deux poches lat\u00e9rales. Cordon de serrage \u00e0 la taille et \u00e0 la capuche. Fermeture velcro aux poignets et aux chevilles.<br \/>\n- WP 5000 \/ MWP 5000<br \/>\n- Deux poches lat\u00e9rales<br \/>\n- cordon de serrage \u00e0 la taille et \u00e0 la capuche pour ajuster la largeur<br \/>\n- fermeture velcro aux poignets et aux chevilles, taille \u00e9lastique<br \/>\n- Impression r\u00e9fl\u00e9chissante craft sur le c\u00f4t\u00e9 droit et impression r\u00e9fl\u00e9chissante \u00e0 l'arri\u00e8re avec logo \u00e0 six points<br \/>\n- Coutures thermocoll\u00e9es aux endroits expos\u00e9s<\/p>\n<p>Mati\u00e8re : 100% polyester recycl\u00e9<\/p>","protected":false},"excerpt":{"rendered":"<p><span><\/span><\/p>","protected":false},"featured_media":103634,"template":"","meta":[],"product_brand":[],"product_cat":[4185,4186],"product_tag":[],"class_list":{"0":"post-103635","1":"product","2":"type-product","3":"status-publish","4":"has-post-thumbnail","6":"product_cat-hosen","7":"product_cat-jacken","8":"pa_brand-craft-retail-sportswear","9":"pa_brand-type-sportswear","10":"pa_filter-color-schwarz","12":"first","13":"instock","14":"sale","15":"taxable","16":"shipping-taxable","17":"purchasable","18":"product-type-variable","19":"add-to-wishlist-before_image"},"exclude_global_add_ons":[],"addons":[],"acf":[],"_links":{"self":[{"href":"https:\/\/shop.kustom.ch\/fr\/wp-json\/wp\/v2\/product\/103635"}],"collection":[{"href":"https:\/\/shop.kustom.ch\/fr\/wp-json\/wp\/v2\/product"}],"about":[{"href":"https:\/\/shop.kustom.ch\/fr\/wp-json\/wp\/v2\/types\/product"}],"wp:featuredmedia":[{"embeddable":true,"href":"https:\/\/shop.kustom.ch\/fr\/wp-json\/wp\/v2\/media\/103634"}],"wp:attachment":[{"href":"https:\/\/shop.kustom.ch\/fr\/wp-json\/wp\/v2\/media?parent=103635"}],"wp:term":[{"taxonomy":"product_brand","embeddable":true,"href":"https:\/\/shop.kustom.ch\/fr\/wp-json\/wp\/v2\/product_brand?post=103635"},{"taxonomy":"product_cat","embeddable":true,"href":"https:\/\/shop.kustom.ch\/fr\/wp-json\/wp\/v2\/product_cat?post=103635"},{"taxonomy":"product_tag","embeddable":true,"href":"https:\/\/shop.kustom.ch\/fr\/wp-json\/wp\/v2\/product_tag?post=103635"}],"curies":[{"name":"wp","href":"https:\/\/api.w.org\/{rel}","templated":true}]}}