{"id":103503,"date":"2024-03-20T17:57:06","date_gmt":"2024-03-20T16:57:06","guid":{"rendered":"https:\/\/kustomshop.kinsta.cloud\/produkt\/core-light-padded-vest-m\/"},"modified":"2026-03-27T14:18:50","modified_gmt":"2026-03-27T13:18:50","slug":"core-light-padded-vest-m","status":"publish","type":"product","link":"https:\/\/shop.kustom.ch\/fr\/produit\/core-light-padded-vest-m\/","title":{"rendered":"CORE Light Padded Vest M"},"content":{"rendered":"<p>Gilet chaud avec un l\u00e9ger rembourrage en polyester recycl\u00e9. Col c\u00f4tel\u00e9 agr\u00e9ablement doux, deux poches lat\u00e9rales avec fermeture \u00e9clair sur le devant. Coupe droite.<br \/>\n- Rembourrage l\u00e9ger en polyester recycl\u00e9<br \/>\n- Deux poches lat\u00e9rales avec fermeture \u00e9clair<br \/>\n- col en tricot c\u00f4tel\u00e9 agr\u00e9ablement doux<br \/>\n- logo Craft sur la poitrine<br \/>\n- logo \u00e0 six points sur le dos<br \/>\n- Coupe droite<\/p>\n<p>Mati\u00e8re : 100% polyamide recycl\u00e9, rembourrage : 100% polyester recycl\u00e9<\/p>","protected":false},"excerpt":{"rendered":"<p><span><\/span><\/p>","protected":false},"featured_media":103502,"template":"","meta":[],"product_brand":[],"product_cat":[4208],"product_tag":[],"class_list":{"0":"post-103503","1":"product","2":"type-product","3":"status-publish","4":"has-post-thumbnail","6":"product_cat-westen","7":"pa_brand-craft-retail-sportswear","8":"pa_brand-type-sportswear","9":"pa_filter-color-blau","10":"pa_filter-color-gruen","11":"pa_filter-color-schwarz","13":"first","14":"instock","15":"sale","16":"taxable","17":"shipping-taxable","18":"purchasable","19":"product-type-variable","20":"add-to-wishlist-before_image"},"exclude_global_add_ons":[],"addons":[],"acf":[],"_links":{"self":[{"href":"https:\/\/shop.kustom.ch\/fr\/wp-json\/wp\/v2\/product\/103503"}],"collection":[{"href":"https:\/\/shop.kustom.ch\/fr\/wp-json\/wp\/v2\/product"}],"about":[{"href":"https:\/\/shop.kustom.ch\/fr\/wp-json\/wp\/v2\/types\/product"}],"wp:featuredmedia":[{"embeddable":true,"href":"https:\/\/shop.kustom.ch\/fr\/wp-json\/wp\/v2\/media\/103502"}],"wp:attachment":[{"href":"https:\/\/shop.kustom.ch\/fr\/wp-json\/wp\/v2\/media?parent=103503"}],"wp:term":[{"taxonomy":"product_brand","embeddable":true,"href":"https:\/\/shop.kustom.ch\/fr\/wp-json\/wp\/v2\/product_brand?post=103503"},{"taxonomy":"product_cat","embeddable":true,"href":"https:\/\/shop.kustom.ch\/fr\/wp-json\/wp\/v2\/product_cat?post=103503"},{"taxonomy":"product_tag","embeddable":true,"href":"https:\/\/shop.kustom.ch\/fr\/wp-json\/wp\/v2\/product_tag?post=103503"}],"curies":[{"name":"wp","href":"https:\/\/api.w.org\/{rel}","templated":true}]}}