{"id":103446,"date":"2024-03-20T17:56:48","date_gmt":"2024-03-20T16:56:48","guid":{"rendered":"https:\/\/kustomshop.kinsta.cloud\/produkt\/progress-anti-slip-mid-sock\/"},"modified":"2026-03-27T13:49:30","modified_gmt":"2026-03-27T12:49:30","slug":"progress-anti-slip-mid-sock","status":"publish","type":"product","link":"https:\/\/shop.kustom.ch\/fr\/produit\/progress-anti-slip-mid-sock\/","title":{"rendered":"Progress Anti Slip Mid Sock"},"content":{"rendered":"<p>Les Progress Antislip Mid Socks sont des chaussettes l\u00e9g\u00e8res et r\u00e9sistantes avec une garniture en silicone sur la semelle pour un maintien s\u00fbr. Ces chaussettes de match fonctionnelles sont compos\u00e9es d'un tissu fin qui offre une excellente ventilation et une \u00e9vacuation optimale de l'humidit\u00e9, afin que tes pieds restent frais et secs pendant les activit\u00e9s de haute intensit\u00e9.<\/p>\n<p>- Mat\u00e9riau l\u00e9ger et r\u00e9sistant<br \/>\n- construction fine pour une ventilation efficace<br \/>\n- motif imprim\u00e9 en silicone sous le pied pour un effet antid\u00e9rapant<\/p>\n<p>Mat\u00e9riau : Tissu 1 : 99% Polyamide 1% Lycra<\/p>","protected":false},"excerpt":{"rendered":"<p><span><\/span><\/p>","protected":false},"featured_media":103445,"template":"","meta":[],"product_brand":[],"product_cat":[4199],"product_tag":[],"class_list":{"0":"post-103446","1":"product","2":"type-product","3":"status-publish","4":"has-post-thumbnail","6":"product_cat-socken","7":"pa_brand-craft-teamwear","8":"pa_brand-type-sportswear","9":"pa_filter-color-blau","10":"pa_filter-color-grau","11":"pa_filter-color-gruen","12":"pa_filter-color-rot","13":"pa_filter-color-schwarz","14":"pa_filter-color-weiss","16":"first","17":"instock","18":"sale","19":"taxable","20":"shipping-taxable","21":"purchasable","22":"product-type-variable","23":"add-to-wishlist-before_image"},"exclude_global_add_ons":[],"addons":[],"acf":[],"_links":{"self":[{"href":"https:\/\/shop.kustom.ch\/fr\/wp-json\/wp\/v2\/product\/103446"}],"collection":[{"href":"https:\/\/shop.kustom.ch\/fr\/wp-json\/wp\/v2\/product"}],"about":[{"href":"https:\/\/shop.kustom.ch\/fr\/wp-json\/wp\/v2\/types\/product"}],"wp:featuredmedia":[{"embeddable":true,"href":"https:\/\/shop.kustom.ch\/fr\/wp-json\/wp\/v2\/media\/103445"}],"wp:attachment":[{"href":"https:\/\/shop.kustom.ch\/fr\/wp-json\/wp\/v2\/media?parent=103446"}],"wp:term":[{"taxonomy":"product_brand","embeddable":true,"href":"https:\/\/shop.kustom.ch\/fr\/wp-json\/wp\/v2\/product_brand?post=103446"},{"taxonomy":"product_cat","embeddable":true,"href":"https:\/\/shop.kustom.ch\/fr\/wp-json\/wp\/v2\/product_cat?post=103446"},{"taxonomy":"product_tag","embeddable":true,"href":"https:\/\/shop.kustom.ch\/fr\/wp-json\/wp\/v2\/product_tag?post=103446"}],"curies":[{"name":"wp","href":"https:\/\/api.w.org\/{rel}","templated":true}]}}