{"id":103429,"date":"2024-03-20T17:56:34","date_gmt":"2024-03-20T16:56:34","guid":{"rendered":"https:\/\/kustomshop.kinsta.cloud\/produkt\/evolve-referee-shorts-m\/"},"modified":"2026-03-27T15:01:16","modified_gmt":"2026-03-27T14:01:16","slug":"evolve-referee-shorts-m","status":"publish","type":"product","link":"https:\/\/shop.kustom.ch\/fr\/produit\/evolve-referee-shorts-m\/","title":{"rendered":"Short d'arbitre Evolve M"},"content":{"rendered":"<p>Evolve Referee Short est un short d'arbitre l\u00e9ger qui offre une excellente \u00e9vacuation de l'humidit\u00e9 lors des matchs intensifs. Le short est fabriqu\u00e9 \u00e0 partir de mat\u00e9riaux recycl\u00e9s afin de r\u00e9duire notre empreinte \u00e9cologique et dispose d'une taille \u00e9lastique avec cordon de serrage pour un ajustement parfait. De plus, le short poss\u00e8de deux poches lat\u00e9rales avec fermeture \u00e9clair et deux poches arri\u00e8re avec fermeture velcro pour ranger les cartes en toute s\u00e9curit\u00e9.<\/p>\n<p>- Mat\u00e9riaux stretch l\u00e9gers et fonctionnels<br \/>\n- Le fil teint par jet r\u00e9duit l'empreinte \u00e9cologique<br \/>\n- Ceinture \u00e9lastique avec cordon de serrage<br \/>\n- Deux poches lat\u00e9rales avec fermeture \u00e9clair<br \/>\n- Deux poches arri\u00e8re avec fermeture velcro<br \/>\n- +BQ4<\/p>\n<p>Mat\u00e9riau : 100% polyester recycl\u00e9<\/p>","protected":false},"excerpt":{"rendered":"<p><span><\/span><\/p>","protected":false},"featured_media":103428,"template":"","meta":[],"product_brand":[],"product_cat":[4198],"product_tag":[],"class_list":{"0":"post-103429","1":"product","2":"type-product","3":"status-publish","4":"has-post-thumbnail","6":"product_cat-shorts","7":"pa_brand-craft-teamwear","8":"pa_brand-type-sportswear","9":"pa_filter-color-schwarz","11":"first","12":"instock","13":"sale","14":"taxable","15":"shipping-taxable","16":"purchasable","17":"product-type-variable","18":"add-to-wishlist-before_image"},"exclude_global_add_ons":[],"addons":[],"acf":[],"_links":{"self":[{"href":"https:\/\/shop.kustom.ch\/fr\/wp-json\/wp\/v2\/product\/103429"}],"collection":[{"href":"https:\/\/shop.kustom.ch\/fr\/wp-json\/wp\/v2\/product"}],"about":[{"href":"https:\/\/shop.kustom.ch\/fr\/wp-json\/wp\/v2\/types\/product"}],"wp:featuredmedia":[{"embeddable":true,"href":"https:\/\/shop.kustom.ch\/fr\/wp-json\/wp\/v2\/media\/103428"}],"wp:attachment":[{"href":"https:\/\/shop.kustom.ch\/fr\/wp-json\/wp\/v2\/media?parent=103429"}],"wp:term":[{"taxonomy":"product_brand","embeddable":true,"href":"https:\/\/shop.kustom.ch\/fr\/wp-json\/wp\/v2\/product_brand?post=103429"},{"taxonomy":"product_cat","embeddable":true,"href":"https:\/\/shop.kustom.ch\/fr\/wp-json\/wp\/v2\/product_cat?post=103429"},{"taxonomy":"product_tag","embeddable":true,"href":"https:\/\/shop.kustom.ch\/fr\/wp-json\/wp\/v2\/product_tag?post=103429"}],"curies":[{"name":"wp","href":"https:\/\/api.w.org\/{rel}","templated":true}]}}