{"id":103382,"date":"2024-03-20T17:56:19","date_gmt":"2024-03-20T16:56:19","guid":{"rendered":"https:\/\/kustomshop.kinsta.cloud\/produkt\/evolve-referee-jersey-m\/"},"modified":"2026-03-27T15:31:24","modified_gmt":"2026-03-27T14:31:24","slug":"evolve-referee-jersey-m","status":"publish","type":"product","link":"https:\/\/shop.kustom.ch\/fr\/produit\/evolve-referee-jersey-m\/","title":{"rendered":"Evolve Jersey d'arbitre M"},"content":{"rendered":"<p>Evolve Referee Jersey est un maillot d'arbitre l\u00e9ger qui offre une excellente \u00e9vacuation de l'humidit\u00e9 lors des matchs intensifs. Le maillot est fabriqu\u00e9 \u00e0 partir de mat\u00e9riaux recycl\u00e9s afin de r\u00e9duire notre empreinte \u00e9cologique et dispose d'inserts en mesh sous les aisselles pour une meilleure ventilation. Il dispose \u00e9galement de manches raglan pour une libert\u00e9 de mouvement optimale et de deux poches avec fermeture velcro sur le torse. Col int\u00e9rieur et poignets c\u00f4tel\u00e9s.<\/p>\n<p>- Mat\u00e9riaux stretch l\u00e9gers et fonctionnels<br \/>\n- Le fil teint par jet r\u00e9duit l'empreinte \u00e9cologique<br \/>\n- Mesh sous les aisselles pour une meilleure ventilation<br \/>\n- Manches raglan pour une libert\u00e9 de mouvement optimale<br \/>\n- Col et poignets c\u00f4tel\u00e9s<br \/>\n- Deux poches poitrine avec fermeture velcro<br \/>\n- +BQ4<\/p>\n<p>Mat\u00e9riau : 100% polyester recycl\u00e9<\/p>","protected":false},"excerpt":{"rendered":"<p><span><\/span><\/p>","protected":false},"featured_media":103381,"template":"","meta":[],"product_brand":[],"product_cat":[4201],"product_tag":[],"class_list":{"0":"post-103382","1":"product","2":"type-product","3":"status-publish","4":"has-post-thumbnail","6":"product_cat-t-shirts","7":"pa_brand-craft-teamwear","8":"pa_brand-type-sportswear","9":"pa_filter-color-gelb","10":"pa_filter-color-grau","11":"pa_filter-color-schwarz","13":"first","14":"instock","15":"sale","16":"taxable","17":"shipping-taxable","18":"purchasable","19":"product-type-variable","20":"add-to-wishlist-before_image"},"exclude_global_add_ons":[],"addons":[],"acf":[],"_links":{"self":[{"href":"https:\/\/shop.kustom.ch\/fr\/wp-json\/wp\/v2\/product\/103382"}],"collection":[{"href":"https:\/\/shop.kustom.ch\/fr\/wp-json\/wp\/v2\/product"}],"about":[{"href":"https:\/\/shop.kustom.ch\/fr\/wp-json\/wp\/v2\/types\/product"}],"wp:featuredmedia":[{"embeddable":true,"href":"https:\/\/shop.kustom.ch\/fr\/wp-json\/wp\/v2\/media\/103381"}],"wp:attachment":[{"href":"https:\/\/shop.kustom.ch\/fr\/wp-json\/wp\/v2\/media?parent=103382"}],"wp:term":[{"taxonomy":"product_brand","embeddable":true,"href":"https:\/\/shop.kustom.ch\/fr\/wp-json\/wp\/v2\/product_brand?post=103382"},{"taxonomy":"product_cat","embeddable":true,"href":"https:\/\/shop.kustom.ch\/fr\/wp-json\/wp\/v2\/product_cat?post=103382"},{"taxonomy":"product_tag","embeddable":true,"href":"https:\/\/shop.kustom.ch\/fr\/wp-json\/wp\/v2\/product_tag?post=103382"}],"curies":[{"name":"wp","href":"https:\/\/api.w.org\/{rel}","templated":true}]}}