{"id":103334,"date":"2024-03-20T17:55:38","date_gmt":"2024-03-20T16:55:38","guid":{"rendered":"https:\/\/kustomshop.kinsta.cloud\/produkt\/squad-skirt-w\/"},"modified":"2026-03-27T14:51:45","modified_gmt":"2026-03-27T13:51:45","slug":"squad-skirt-w","status":"publish","type":"product","link":"https:\/\/shop.kustom.ch\/fr\/produit\/squad-skirt-w\/","title":{"rendered":"Jupe Squad W"},"content":{"rendered":"<p>Squad Skirt est une jupe d'entra\u00eenement fonctionnelle et polyvalente qui convient \u00e0 la plupart des sports. Fabriqu\u00e9e dans un mat\u00e9riau l\u00e9ger et fonctionnel, cette jupe offre une excellente \u00e9vacuation de l'humidit\u00e9 et une gestion efficace de la temp\u00e9rature corporelle lors d'un entra\u00eenement intensif. En outre, sa grande extensibilit\u00e9 assure une libert\u00e9 de mouvement optimale et sa large ceinture un confort optimal. Avec slip int\u00e9rieur.<br \/>\n- Mat\u00e9riau stretch l\u00e9ger et fonctionnel<br \/>\n-Slip int\u00e9rieur fonctionnel<br \/>\n-Ceinture large pour un confort optimal<br \/>\n-+BQ4<\/p>\n<p>Mati\u00e8re : Corps : 100% Polyester Doublure : 92% Polyester 8% Elastane<\/p>","protected":false},"excerpt":{"rendered":"<p><span><\/span><\/p>","protected":false},"featured_media":103333,"template":"","meta":[],"product_brand":[],"product_cat":[4194],"product_tag":[],"class_list":{"0":"post-103334","1":"product","2":"type-product","3":"status-publish","4":"has-post-thumbnail","6":"product_cat-roecke","7":"pa_brand-craft-teamwear","8":"pa_brand-type-sportswear","9":"pa_filter-color-blau","10":"pa_filter-color-rot","11":"pa_filter-color-schwarz","12":"pa_filter-color-weiss","14":"first","15":"instock","16":"sale","17":"taxable","18":"shipping-taxable","19":"purchasable","20":"product-type-variable","21":"add-to-wishlist-before_image"},"exclude_global_add_ons":[],"addons":[],"acf":[],"_links":{"self":[{"href":"https:\/\/shop.kustom.ch\/fr\/wp-json\/wp\/v2\/product\/103334"}],"collection":[{"href":"https:\/\/shop.kustom.ch\/fr\/wp-json\/wp\/v2\/product"}],"about":[{"href":"https:\/\/shop.kustom.ch\/fr\/wp-json\/wp\/v2\/types\/product"}],"wp:featuredmedia":[{"embeddable":true,"href":"https:\/\/shop.kustom.ch\/fr\/wp-json\/wp\/v2\/media\/103333"}],"wp:attachment":[{"href":"https:\/\/shop.kustom.ch\/fr\/wp-json\/wp\/v2\/media?parent=103334"}],"wp:term":[{"taxonomy":"product_brand","embeddable":true,"href":"https:\/\/shop.kustom.ch\/fr\/wp-json\/wp\/v2\/product_brand?post=103334"},{"taxonomy":"product_cat","embeddable":true,"href":"https:\/\/shop.kustom.ch\/fr\/wp-json\/wp\/v2\/product_cat?post=103334"},{"taxonomy":"product_tag","embeddable":true,"href":"https:\/\/shop.kustom.ch\/fr\/wp-json\/wp\/v2\/product_tag?post=103334"}],"curies":[{"name":"wp","href":"https:\/\/api.w.org\/{rel}","templated":true}]}}