{"id":103328,"date":"2024-03-20T17:55:23","date_gmt":"2024-03-20T16:55:23","guid":{"rendered":"https:\/\/kustomshop.kinsta.cloud\/produkt\/core-soul-sweatshorts-jr\/"},"modified":"2026-03-27T14:33:16","modified_gmt":"2026-03-27T13:33:16","slug":"core-soul-sweatshorts-jr","status":"publish","type":"product","link":"https:\/\/shop.kustom.ch\/fr\/produit\/core-soul-sweatshorts-jr\/","title":{"rendered":"CORE Soul Sweatshorts Jr"},"content":{"rendered":"<p>Sweatshort d\u00e9contract\u00e9 en coton m\u00e9lang\u00e9 doux et confortable. Deux poches.<br \/>\n- Coupe confortable<br \/>\n- Deux poches lat\u00e9rales avec fermeture \u00e9clair<br \/>\n- Logo Craft caoutchout\u00e9 sur le c\u00f4t\u00e9 gauche<\/p>\n<p>Mati\u00e8re : 48% Coton 47% Polyester 5%Elastane<\/p>","protected":false},"excerpt":{"rendered":"<p><span><\/span><\/p>","protected":false},"featured_media":103327,"template":"","meta":[],"product_brand":[],"product_cat":[4198],"product_tag":[],"class_list":{"0":"post-103328","1":"product","2":"type-product","3":"status-publish","4":"has-post-thumbnail","6":"product_cat-shorts","7":"pa_brand-craft-retail-sportswear","8":"pa_brand-type-sportswear","9":"pa_filter-color-blau","10":"pa_filter-color-grau","11":"pa_filter-color-schwarz","13":"first","14":"instock","15":"sale","16":"taxable","17":"shipping-taxable","18":"purchasable","19":"product-type-variable","20":"add-to-wishlist-before_image"},"exclude_global_add_ons":[],"addons":[],"acf":[],"_links":{"self":[{"href":"https:\/\/shop.kustom.ch\/fr\/wp-json\/wp\/v2\/product\/103328"}],"collection":[{"href":"https:\/\/shop.kustom.ch\/fr\/wp-json\/wp\/v2\/product"}],"about":[{"href":"https:\/\/shop.kustom.ch\/fr\/wp-json\/wp\/v2\/types\/product"}],"wp:featuredmedia":[{"embeddable":true,"href":"https:\/\/shop.kustom.ch\/fr\/wp-json\/wp\/v2\/media\/103327"}],"wp:attachment":[{"href":"https:\/\/shop.kustom.ch\/fr\/wp-json\/wp\/v2\/media?parent=103328"}],"wp:term":[{"taxonomy":"product_brand","embeddable":true,"href":"https:\/\/shop.kustom.ch\/fr\/wp-json\/wp\/v2\/product_brand?post=103328"},{"taxonomy":"product_cat","embeddable":true,"href":"https:\/\/shop.kustom.ch\/fr\/wp-json\/wp\/v2\/product_cat?post=103328"},{"taxonomy":"product_tag","embeddable":true,"href":"https:\/\/shop.kustom.ch\/fr\/wp-json\/wp\/v2\/product_tag?post=103328"}],"curies":[{"name":"wp","href":"https:\/\/api.w.org\/{rel}","templated":true}]}}