{"id":103208,"date":"2024-03-20T17:52:32","date_gmt":"2024-03-20T16:52:32","guid":{"rendered":"https:\/\/kustomshop.kinsta.cloud\/produkt\/adv-endur-solid-shorts-w\/"},"modified":"2026-03-27T13:56:31","modified_gmt":"2026-03-27T12:56:31","slug":"adv-endur-solid-shorts-w","status":"publish","type":"product","link":"https:\/\/shop.kustom.ch\/fr\/produit\/adv-endur-solid-shorts-w\/","title":{"rendered":"Short solide Adv Endur W"},"content":{"rendered":"<p>Short pour cyclistes avanc\u00e9s en mati\u00e8re stretch Lycra\u00ae Sport Energy r\u00e9sistante pour le cyclisme intensif. Doublure en mesh \u00e0 la taille, rev\u00eatement antid\u00e9rapant en silicone aux extr\u00e9mit\u00e9s des jambes et pad C2 pour un grand confort.<\/p>\n<p>Mat\u00e9riau : Body : 75% Polyamide, 25% Elastane, Front Seat\/Back Seat : 78% Polyamide, 22% Elastane<\/p>","protected":false},"excerpt":{"rendered":"<p><span><\/span><\/p>","protected":false},"featured_media":103207,"template":"","meta":[],"product_brand":[],"product_cat":[4198],"product_tag":[],"class_list":{"0":"post-103208","1":"product","2":"type-product","3":"status-publish","4":"has-post-thumbnail","6":"product_cat-shorts","7":"pa_brand-craft-retail-sportswear","8":"pa_brand-type-sportswear","9":"pa_filter-color-schwarz","11":"first","12":"outofstock","13":"sale","14":"taxable","15":"shipping-taxable","16":"purchasable","17":"product-type-variable","18":"add-to-wishlist-before_image"},"exclude_global_add_ons":[],"addons":[],"acf":[],"_links":{"self":[{"href":"https:\/\/shop.kustom.ch\/fr\/wp-json\/wp\/v2\/product\/103208"}],"collection":[{"href":"https:\/\/shop.kustom.ch\/fr\/wp-json\/wp\/v2\/product"}],"about":[{"href":"https:\/\/shop.kustom.ch\/fr\/wp-json\/wp\/v2\/types\/product"}],"wp:featuredmedia":[{"embeddable":true,"href":"https:\/\/shop.kustom.ch\/fr\/wp-json\/wp\/v2\/media\/103207"}],"wp:attachment":[{"href":"https:\/\/shop.kustom.ch\/fr\/wp-json\/wp\/v2\/media?parent=103208"}],"wp:term":[{"taxonomy":"product_brand","embeddable":true,"href":"https:\/\/shop.kustom.ch\/fr\/wp-json\/wp\/v2\/product_brand?post=103208"},{"taxonomy":"product_cat","embeddable":true,"href":"https:\/\/shop.kustom.ch\/fr\/wp-json\/wp\/v2\/product_cat?post=103208"},{"taxonomy":"product_tag","embeddable":true,"href":"https:\/\/shop.kustom.ch\/fr\/wp-json\/wp\/v2\/product_tag?post=103208"}],"curies":[{"name":"wp","href":"https:\/\/api.w.org\/{rel}","templated":true}]}}