{"id":103200,"date":"2024-03-20T17:52:27","date_gmt":"2024-03-20T16:52:27","guid":{"rendered":"https:\/\/kustomshop.kinsta.cloud\/produkt\/adv-essence-5-stretch-shorts-w\/"},"modified":"2026-03-27T14:34:43","modified_gmt":"2026-03-27T13:34:43","slug":"adv-essence-5-stretch-shorts-w","status":"publish","type":"product","link":"https:\/\/shop.kustom.ch\/fr\/produit\/adv-essence-5-stretch-shorts-w\/","title":{"rendered":"ADV Essence 5\u2033 Short Stretch W"},"content":{"rendered":"<p>Short d'entra\u00eenement avanc\u00e9 en tissu stretch pour la plupart des activit\u00e9s sportives intensives. Ceinture \u00e9lastique, coupe plus haute sur les c\u00f4t\u00e9s, deux poches lat\u00e9rales et longueur de jambe int\u00e9rieure de 12 cm en taille M.<\/p>\n<p>Mat\u00e9riau : Corps ; 90% polyester-recycl\u00e9 10% \u00e9lasthanne Doublure ; 100% polyester<\/p>","protected":false},"excerpt":{"rendered":"<p><span><\/span><\/p>","protected":false},"featured_media":103199,"template":"","meta":[],"product_brand":[],"product_cat":[4198],"product_tag":[],"class_list":{"0":"post-103200","1":"product","2":"type-product","3":"status-publish","4":"has-post-thumbnail","6":"product_cat-shorts","7":"pa_brand-craft-retail-sportswear","8":"pa_brand-type-sportswear","9":"pa_filter-color-schwarz","11":"first","12":"outofstock","13":"sale","14":"taxable","15":"shipping-taxable","16":"purchasable","17":"product-type-variable","18":"add-to-wishlist-before_image"},"exclude_global_add_ons":[],"addons":[],"acf":[],"_links":{"self":[{"href":"https:\/\/shop.kustom.ch\/fr\/wp-json\/wp\/v2\/product\/103200"}],"collection":[{"href":"https:\/\/shop.kustom.ch\/fr\/wp-json\/wp\/v2\/product"}],"about":[{"href":"https:\/\/shop.kustom.ch\/fr\/wp-json\/wp\/v2\/types\/product"}],"wp:featuredmedia":[{"embeddable":true,"href":"https:\/\/shop.kustom.ch\/fr\/wp-json\/wp\/v2\/media\/103199"}],"wp:attachment":[{"href":"https:\/\/shop.kustom.ch\/fr\/wp-json\/wp\/v2\/media?parent=103200"}],"wp:term":[{"taxonomy":"product_brand","embeddable":true,"href":"https:\/\/shop.kustom.ch\/fr\/wp-json\/wp\/v2\/product_brand?post=103200"},{"taxonomy":"product_cat","embeddable":true,"href":"https:\/\/shop.kustom.ch\/fr\/wp-json\/wp\/v2\/product_cat?post=103200"},{"taxonomy":"product_tag","embeddable":true,"href":"https:\/\/shop.kustom.ch\/fr\/wp-json\/wp\/v2\/product_tag?post=103200"}],"curies":[{"name":"wp","href":"https:\/\/api.w.org\/{rel}","templated":true}]}}