{"id":103192,"date":"2024-03-20T17:52:01","date_gmt":"2024-03-20T16:52:01","guid":{"rendered":"https:\/\/kustomshop.kinsta.cloud\/produkt\/core-blend-polo-shirt-w\/"},"modified":"2026-03-27T15:20:19","modified_gmt":"2026-03-27T14:20:19","slug":"core-blend-polo-shirt-w","status":"publish","type":"product","link":"https:\/\/shop.kustom.ch\/fr\/produit\/core-blend-polo-shirt-w\/","title":{"rendered":"CORE Blend Polo Shirt W"},"content":{"rendered":"<p>Mettez votre marque en sc\u00e8ne comme bon vous semble avec le polo Core Blend. Ce polo classique en coton et polyester doux offre un confort exceptionnel tout au long de la journ\u00e9e. Il est dot\u00e9 d'une patte de boutonnage \u00e0 trois boutons.-M\u00e9lange doux de coton et de polyester-Logo Craft imprim\u00e9 sur la manche et logo \u00e0 six points dans le dos-Ajustement normal<\/p>\n<p>Mat\u00e9riau : Solid colors : 76% coton 19% polyester 5%Elasthane Melange colors : 57% coton 38% polyester 5%Elasthane<\/p>","protected":false},"excerpt":{"rendered":"<p>Inszenieren Sie Ihre Marke nach Lust und Laune mit dem Core Blend Polo Shirt. Dieses klassische Poloshirt aus weichem Baumwoll-Polyestergemisch bietet einen hervorragenden ganzt\u00e4gigen Tragekomfort. Es verf\u00fcgt \u00fcber eine Knopfleiste mit drei Kn\u00f6pfen.\u2022Weiches Baumwoll-Polyestergemisch\u2022Craft-Logo-Print am \u00c4rmel und Sechs-Punkte-Logo im R\u00fccken\u2022Normale Passform Material: Solid colors: 76% Baumwolle 19% Polyester 5%Elasthan Melange colors: 57% Baumwolle 38% Polyester [&hellip;]<\/p>\n","protected":false},"featured_media":103191,"template":"","meta":[],"product_brand":[],"product_cat":[4193],"product_tag":[],"class_list":{"0":"post-103192","1":"product","2":"type-product","3":"status-publish","4":"has-post-thumbnail","6":"product_cat-polos","7":"pa_brand-craft-retail-sportswear","8":"pa_brand-type-sportswear","9":"pa_filter-color-blau","10":"pa_filter-color-grau","11":"pa_filter-color-schwarz","12":"pa_filter-color-weiss","14":"first","15":"instock","16":"sale","17":"taxable","18":"shipping-taxable","19":"purchasable","20":"product-type-variable","21":"add-to-wishlist-before_image"},"exclude_global_add_ons":[],"addons":[],"acf":[],"_links":{"self":[{"href":"https:\/\/shop.kustom.ch\/fr\/wp-json\/wp\/v2\/product\/103192"}],"collection":[{"href":"https:\/\/shop.kustom.ch\/fr\/wp-json\/wp\/v2\/product"}],"about":[{"href":"https:\/\/shop.kustom.ch\/fr\/wp-json\/wp\/v2\/types\/product"}],"wp:featuredmedia":[{"embeddable":true,"href":"https:\/\/shop.kustom.ch\/fr\/wp-json\/wp\/v2\/media\/103191"}],"wp:attachment":[{"href":"https:\/\/shop.kustom.ch\/fr\/wp-json\/wp\/v2\/media?parent=103192"}],"wp:term":[{"taxonomy":"product_brand","embeddable":true,"href":"https:\/\/shop.kustom.ch\/fr\/wp-json\/wp\/v2\/product_brand?post=103192"},{"taxonomy":"product_cat","embeddable":true,"href":"https:\/\/shop.kustom.ch\/fr\/wp-json\/wp\/v2\/product_cat?post=103192"},{"taxonomy":"product_tag","embeddable":true,"href":"https:\/\/shop.kustom.ch\/fr\/wp-json\/wp\/v2\/product_tag?post=103192"}],"curies":[{"name":"wp","href":"https:\/\/api.w.org\/{rel}","templated":true}]}}