{"id":103175,"date":"2024-03-20T17:51:44","date_gmt":"2024-03-20T16:51:44","guid":{"rendered":"https:\/\/kustomshop.kinsta.cloud\/produkt\/core-blend-polo-shirt-m\/"},"modified":"2026-03-29T19:29:02","modified_gmt":"2026-03-29T18:29:02","slug":"core-blend-polo-shirt-m","status":"publish","type":"product","link":"https:\/\/shop.kustom.ch\/fr\/produit\/core-blend-polo-shirt-m\/","title":{"rendered":"CORE Blend Polo Shirt M"},"content":{"rendered":"<p>Mettez votre marque en sc\u00e8ne comme bon vous semble avec le polo Core Blend. Ce polo classique en doux m\u00e9lange de coton et de polyester offre un excellent confort tout au long de la journ\u00e9e. Il est dot\u00e9 d'une patte de boutonnage \u00e0 trois boutons.<br \/>\n- M\u00e9lange doux de coton et de polyester<br \/>\n-patte de boutonnage \u00e0 trois boutons<br \/>\n-Logo Craft imprim\u00e9 sur la manche et logo \u00e0 six points dans le dos<br \/>\n-Coupe normale<\/p>\n<p>Mati\u00e8re : Couleurs unies:76% coton,19% polyester,5% \u00e9lasthanne. Couleurs m\u00e9lang\u00e9es : 57% coton,38% polyester, 5% \u00e9lasthanne.<\/p>","protected":false},"excerpt":{"rendered":"<p>Inszenieren Sie Ihre Marke nach Lust und Laune mit dem Core Blend Polo Shirt. Dieses klassische Poloshirt aus weichem Baumwoll-Polyestergemisch bietet einen hervorragenden ganzt\u00e4gigen Tragekomfort. Es verf\u00fcgt \u00fcber eine Knopfleiste mit drei Kn\u00f6pfen. \u2022 Weiches Baumwoll-Polyestergemisch \u2022Knopfleiste mit drei Kn\u00f6pfen \u2022Craft-Logo-Print am \u00c4rmel und Sechs-Punkte-Logo im R\u00fccken \u2022Normale Passform Material: Unifarben:76% Baumwolle,19% Polyester,5% Elasthan. Melange [&hellip;]<\/p>\n","protected":false},"featured_media":103174,"template":"","meta":[],"product_brand":[],"product_cat":[4193],"product_tag":[],"class_list":{"0":"post-103175","1":"product","2":"type-product","3":"status-publish","4":"has-post-thumbnail","6":"product_cat-polos","7":"pa_brand-craft-retail-sportswear","8":"pa_brand-type-sportswear","9":"pa_filter-color-blau","10":"pa_filter-color-grau","11":"pa_filter-color-schwarz","12":"pa_filter-color-weiss","14":"first","15":"instock","16":"sale","17":"taxable","18":"shipping-taxable","19":"purchasable","20":"product-type-variable","21":"add-to-wishlist-before_image"},"exclude_global_add_ons":[],"addons":[],"acf":[],"_links":{"self":[{"href":"https:\/\/shop.kustom.ch\/fr\/wp-json\/wp\/v2\/product\/103175"}],"collection":[{"href":"https:\/\/shop.kustom.ch\/fr\/wp-json\/wp\/v2\/product"}],"about":[{"href":"https:\/\/shop.kustom.ch\/fr\/wp-json\/wp\/v2\/types\/product"}],"wp:featuredmedia":[{"embeddable":true,"href":"https:\/\/shop.kustom.ch\/fr\/wp-json\/wp\/v2\/media\/103174"}],"wp:attachment":[{"href":"https:\/\/shop.kustom.ch\/fr\/wp-json\/wp\/v2\/media?parent=103175"}],"wp:term":[{"taxonomy":"product_brand","embeddable":true,"href":"https:\/\/shop.kustom.ch\/fr\/wp-json\/wp\/v2\/product_brand?post=103175"},{"taxonomy":"product_cat","embeddable":true,"href":"https:\/\/shop.kustom.ch\/fr\/wp-json\/wp\/v2\/product_cat?post=103175"},{"taxonomy":"product_tag","embeddable":true,"href":"https:\/\/shop.kustom.ch\/fr\/wp-json\/wp\/v2\/product_tag?post=103175"}],"curies":[{"name":"wp","href":"https:\/\/api.w.org\/{rel}","templated":true}]}}