{"id":103160,"date":"2024-03-20T17:51:38","date_gmt":"2024-03-20T16:51:38","guid":{"rendered":"https:\/\/kustomshop.kinsta.cloud\/produkt\/adv-essence-2-in-1-shorts-w\/"},"modified":"2026-03-27T14:36:31","modified_gmt":"2026-03-27T13:36:31","slug":"adv-essence-2-in-1-shorts-w","status":"publish","type":"product","link":"https:\/\/shop.kustom.ch\/fr\/produit\/adv-essence-2-in-1-shorts-w\/","title":{"rendered":"ADV Essence 2-en-1 Short W"},"content":{"rendered":"<p>Short d'entra\u00eenement avanc\u00e9 2 en 1 en tissu stretch pour la plupart des activit\u00e9s sportives intensives. Short int\u00e9rieur court, large ceinture en jersey avec cordon de serrage et poche arri\u00e8re dissimul\u00e9e. Longueur int\u00e9rieure de la jambe 9 cm en taille M.<\/p>\n<p>Mat\u00e9riau : Corps ; 90% polyester recycl\u00e9 10% \u00e9lasthanne Doublure ; 90% polyester 10% \u00e9lasthanne<\/p>","protected":false},"excerpt":{"rendered":"<p><span><\/span><\/p>","protected":false},"featured_media":103159,"template":"","meta":[],"product_brand":[],"product_cat":[4198],"product_tag":[],"class_list":{"0":"post-103160","1":"product","2":"type-product","3":"status-publish","4":"has-post-thumbnail","6":"product_cat-shorts","7":"pa_brand-craft-retail-sportswear","8":"pa_brand-type-sportswear","9":"pa_filter-color-pink","10":"pa_filter-color-schwarz","12":"first","13":"instock","14":"sale","15":"taxable","16":"shipping-taxable","17":"purchasable","18":"product-type-variable","19":"add-to-wishlist-before_image"},"exclude_global_add_ons":[],"addons":[],"acf":[],"_links":{"self":[{"href":"https:\/\/shop.kustom.ch\/fr\/wp-json\/wp\/v2\/product\/103160"}],"collection":[{"href":"https:\/\/shop.kustom.ch\/fr\/wp-json\/wp\/v2\/product"}],"about":[{"href":"https:\/\/shop.kustom.ch\/fr\/wp-json\/wp\/v2\/types\/product"}],"wp:featuredmedia":[{"embeddable":true,"href":"https:\/\/shop.kustom.ch\/fr\/wp-json\/wp\/v2\/media\/103159"}],"wp:attachment":[{"href":"https:\/\/shop.kustom.ch\/fr\/wp-json\/wp\/v2\/media?parent=103160"}],"wp:term":[{"taxonomy":"product_brand","embeddable":true,"href":"https:\/\/shop.kustom.ch\/fr\/wp-json\/wp\/v2\/product_brand?post=103160"},{"taxonomy":"product_cat","embeddable":true,"href":"https:\/\/shop.kustom.ch\/fr\/wp-json\/wp\/v2\/product_cat?post=103160"},{"taxonomy":"product_tag","embeddable":true,"href":"https:\/\/shop.kustom.ch\/fr\/wp-json\/wp\/v2\/product_tag?post=103160"}],"curies":[{"name":"wp","href":"https:\/\/api.w.org\/{rel}","templated":true}]}}