{"id":103139,"date":"2024-03-20T17:50:23","date_gmt":"2024-03-20T16:50:23","guid":{"rendered":"https:\/\/kustomshop.kinsta.cloud\/produkt\/core-endure-bike-sock\/"},"modified":"2026-04-16T10:05:47","modified_gmt":"2026-04-16T09:05:47","slug":"core-endure-bike-sock","status":"publish","type":"product","link":"https:\/\/shop.kustom.ch\/fr\/produit\/core-endure-bike-sock\/","title":{"rendered":"CORE Endure Chaussette de v\u00e9lo"},"content":{"rendered":"<p>Chaussettes de cyclisme fonctionnelles avec des inserts en mesh pour un effet rafra\u00eechissant, une vo\u00fbte plantaire pr\u00e9form\u00e9e, une large bande \u00e9lastique et des renforts au niveau des orteils et du talon. Polyamide recycl\u00e9.<br \/>\n- Coupe ergonomique<br \/>\n- Zone renforc\u00e9e au niveau des orteils et du talon<br \/>\n- Inserts en mesh pour la ventilation<br \/>\n- Le polyamide recycl\u00e9 r\u00e9duit l'empreinte \u00e9cologique<\/p>\n<p>Mati\u00e8re : 63% nylon 35% nylon recycl\u00e9 2% \u00e9lasthanne<\/p>","protected":false},"excerpt":{"rendered":"<p><span><\/span><\/p>","protected":false},"featured_media":103138,"template":"","meta":[],"product_brand":[],"product_cat":[4199],"product_tag":[],"class_list":{"0":"post-103139","1":"product","2":"type-product","3":"status-publish","4":"has-post-thumbnail","6":"product_cat-socken","7":"pa_brand-craft-retail-sportswear","8":"pa_brand-type-sportswear","9":"pa_filter-color-schwarz","10":"pa_filter-color-weiss","12":"first","13":"instock","14":"sale","15":"taxable","16":"shipping-taxable","17":"purchasable","18":"product-type-variable","19":"add-to-wishlist-before_image"},"exclude_global_add_ons":[],"addons":[],"acf":[],"_links":{"self":[{"href":"https:\/\/shop.kustom.ch\/fr\/wp-json\/wp\/v2\/product\/103139"}],"collection":[{"href":"https:\/\/shop.kustom.ch\/fr\/wp-json\/wp\/v2\/product"}],"about":[{"href":"https:\/\/shop.kustom.ch\/fr\/wp-json\/wp\/v2\/types\/product"}],"wp:featuredmedia":[{"embeddable":true,"href":"https:\/\/shop.kustom.ch\/fr\/wp-json\/wp\/v2\/media\/103138"}],"wp:attachment":[{"href":"https:\/\/shop.kustom.ch\/fr\/wp-json\/wp\/v2\/media?parent=103139"}],"wp:term":[{"taxonomy":"product_brand","embeddable":true,"href":"https:\/\/shop.kustom.ch\/fr\/wp-json\/wp\/v2\/product_brand?post=103139"},{"taxonomy":"product_cat","embeddable":true,"href":"https:\/\/shop.kustom.ch\/fr\/wp-json\/wp\/v2\/product_cat?post=103139"},{"taxonomy":"product_tag","embeddable":true,"href":"https:\/\/shop.kustom.ch\/fr\/wp-json\/wp\/v2\/product_tag?post=103139"}],"curies":[{"name":"wp","href":"https:\/\/api.w.org\/{rel}","templated":true}]}}