{"id":103137,"date":"2024-03-20T17:49:37","date_gmt":"2024-03-20T16:49:37","guid":{"rendered":"https:\/\/kustomshop.kinsta.cloud\/produkt\/peloton-bootie-2-0\/"},"modified":"2026-03-27T13:53:52","modified_gmt":"2026-03-27T12:53:52","slug":"peloton-bootie-2-0","status":"publish","type":"product","link":"https:\/\/shop.kustom.ch\/fr\/produit\/peloton-bootie-2-0\/","title":{"rendered":"Botte Peloton 2.0"},"content":{"rendered":"<p>Couvre-chaussures \u00e9lastiques en mat\u00e9riau r\u00e9sistant au vent et \u00e0 l'eau avec coutures soud\u00e9es et fermeture \u00e9clair \u00e9tanche pour faire du v\u00e9lo par temps humide et froid.<br \/>\n- Pour prot\u00e9ger les pieds par temps froid et humide<br \/>\n- Toutes les coutures avec bande imperm\u00e9able<br \/>\n- Mat\u00e9riau r\u00e9sistant au vent et \u00e0 l'eau pour une protection efficace contre le froid et l'humidit\u00e9<br \/>\n- \u00c9l\u00e9ments r\u00e9fl\u00e9chissants<br \/>\n- Bande \u00e9lastique douce sur la partie sup\u00e9rieure<br \/>\n- Zone renforc\u00e9e au niveau du talon et des orteils<br \/>\n- Fermeture \u00e0 glissi\u00e8re r\u00e9sistante \u00e0 l'arri\u00e8re<\/p>\n<p>Composition : dos : 95% polyester 5% \u00e9lasthanne, palm : 70% polyester, 30% polyur\u00e9thane, doublure : 100% polyester<\/p>","protected":false},"excerpt":{"rendered":"<p><span><\/span><\/p>","protected":false},"featured_media":103136,"template":"","meta":[],"product_brand":[],"product_cat":[9643,4209],"product_tag":[],"class_list":{"0":"post-103137","1":"product","2":"type-product","3":"status-publish","4":"has-post-thumbnail","6":"product_cat-equipment","7":"product_cat-zubehoer","8":"pa_brand-craft-retail-sportswear","9":"pa_brand-type-sportswear","10":"pa_filter-color-schwarz","12":"first","13":"outofstock","14":"sale","15":"taxable","16":"shipping-taxable","17":"purchasable","18":"product-type-variable","19":"add-to-wishlist-before_image"},"exclude_global_add_ons":[],"addons":[],"acf":[],"_links":{"self":[{"href":"https:\/\/shop.kustom.ch\/fr\/wp-json\/wp\/v2\/product\/103137"}],"collection":[{"href":"https:\/\/shop.kustom.ch\/fr\/wp-json\/wp\/v2\/product"}],"about":[{"href":"https:\/\/shop.kustom.ch\/fr\/wp-json\/wp\/v2\/types\/product"}],"wp:featuredmedia":[{"embeddable":true,"href":"https:\/\/shop.kustom.ch\/fr\/wp-json\/wp\/v2\/media\/103136"}],"wp:attachment":[{"href":"https:\/\/shop.kustom.ch\/fr\/wp-json\/wp\/v2\/media?parent=103137"}],"wp:term":[{"taxonomy":"product_brand","embeddable":true,"href":"https:\/\/shop.kustom.ch\/fr\/wp-json\/wp\/v2\/product_brand?post=103137"},{"taxonomy":"product_cat","embeddable":true,"href":"https:\/\/shop.kustom.ch\/fr\/wp-json\/wp\/v2\/product_cat?post=103137"},{"taxonomy":"product_tag","embeddable":true,"href":"https:\/\/shop.kustom.ch\/fr\/wp-json\/wp\/v2\/product_tag?post=103137"}],"curies":[{"name":"wp","href":"https:\/\/api.w.org\/{rel}","templated":true}]}}