{"id":103103,"date":"2024-03-20T17:49:06","date_gmt":"2024-03-20T16:49:06","guid":{"rendered":"https:\/\/kustomshop.kinsta.cloud\/produkt\/core-dry-mid-sock-3-pack\/"},"modified":"2026-03-27T13:37:13","modified_gmt":"2026-03-27T12:37:13","slug":"core-dry-mid-sock-3-pack","status":"publish","type":"product","link":"https:\/\/shop.kustom.ch\/fr\/produit\/core-dry-mid-sock-3-pack\/","title":{"rendered":"CORE Dry Mid Sock 3-Pack"},"content":{"rendered":"<p>Chaussettes de sport fonctionnelles avec un transport optimal de l'humidit\u00e9, une excellente ventilation et un maintien parfait de la vo\u00fbte plantaire. Zone renforc\u00e9e au niveau des orteils et du talon.<br \/>\n- Respirant<br \/>\n- Finition Wicking pour un excellent transfert d'humidit\u00e9<br \/>\n- Soutien de la vo\u00fbte plantaire<br \/>\n- Coutures plates au niveau des orteils<br \/>\n- Zone renforc\u00e9e au niveau des orteils et du talon<\/p>\n<p>Mati\u00e8re : polyamide recycl\u00e9 98%, \u00e9lasthanne 2%<\/p>","protected":false},"excerpt":{"rendered":"<p><span><\/span><\/p>","protected":false},"featured_media":103102,"template":"","meta":[],"product_brand":[],"product_cat":[4199],"product_tag":[],"class_list":{"0":"post-103103","1":"product","2":"type-product","3":"status-publish","4":"has-post-thumbnail","6":"product_cat-socken","7":"pa_brand-craft-retail-sportswear","8":"pa_brand-type-sportswear","9":"pa_filter-color-schwarz","10":"pa_filter-color-weiss","12":"first","13":"instock","14":"sale","15":"taxable","16":"shipping-taxable","17":"purchasable","18":"product-type-variable","19":"add-to-wishlist-before_image"},"exclude_global_add_ons":[],"addons":[],"acf":[],"_links":{"self":[{"href":"https:\/\/shop.kustom.ch\/fr\/wp-json\/wp\/v2\/product\/103103"}],"collection":[{"href":"https:\/\/shop.kustom.ch\/fr\/wp-json\/wp\/v2\/product"}],"about":[{"href":"https:\/\/shop.kustom.ch\/fr\/wp-json\/wp\/v2\/types\/product"}],"wp:featuredmedia":[{"embeddable":true,"href":"https:\/\/shop.kustom.ch\/fr\/wp-json\/wp\/v2\/media\/103102"}],"wp:attachment":[{"href":"https:\/\/shop.kustom.ch\/fr\/wp-json\/wp\/v2\/media?parent=103103"}],"wp:term":[{"taxonomy":"product_brand","embeddable":true,"href":"https:\/\/shop.kustom.ch\/fr\/wp-json\/wp\/v2\/product_brand?post=103103"},{"taxonomy":"product_cat","embeddable":true,"href":"https:\/\/shop.kustom.ch\/fr\/wp-json\/wp\/v2\/product_cat?post=103103"},{"taxonomy":"product_tag","embeddable":true,"href":"https:\/\/shop.kustom.ch\/fr\/wp-json\/wp\/v2\/product_tag?post=103103"}],"curies":[{"name":"wp","href":"https:\/\/api.w.org\/{rel}","templated":true}]}}