{"id":103065,"date":"2024-03-20T17:48:38","date_gmt":"2024-03-20T16:48:38","guid":{"rendered":"https:\/\/kustomshop.kinsta.cloud\/produkt\/adv-dry-shaftless-sock\/"},"modified":"2026-03-27T13:39:55","modified_gmt":"2026-03-27T12:39:55","slug":"adv-dry-shaftless-sock","status":"publish","type":"product","link":"https:\/\/shop.kustom.ch\/fr\/produit\/adv-dry-shaftless-sock\/","title":{"rendered":"Chaussette ADV Dry Shaftless"},"content":{"rendered":"<p>Chaussettes de sport sneaker avanc\u00e9es en tricot de polyamide Breeze pour un excellent transfert d'humidit\u00e9 et un contr\u00f4le parfait de la temp\u00e9rature.<br \/>\n- Respirant<br \/>\n- Finition Wicking pour un excellent transfert d'humidit\u00e9<br \/>\n- En polyamide Breeze pour un contr\u00f4le optimal de la temp\u00e9rature<br \/>\n- Soutien de la vo\u00fbte plantaire<br \/>\n- Coutures plates au niveau des orteils<br \/>\n- Coupe ergonomique pour pied gauche et droit<\/p>\n<p>Mati\u00e8re : 56% polyamide recycl\u00e9 40% polyamide 4% \u00e9lasthanne<\/p>","protected":false},"excerpt":{"rendered":"<p><span><\/span><\/p>","protected":false},"featured_media":103064,"template":"","meta":[],"product_brand":[],"product_cat":[4199],"product_tag":[],"class_list":{"0":"post-103065","1":"product","2":"type-product","3":"status-publish","4":"has-post-thumbnail","6":"product_cat-socken","7":"pa_brand-craft-retail-sportswear","8":"pa_brand-type-sportswear","9":"pa_filter-color-schwarz","10":"pa_filter-color-weiss","12":"first","13":"instock","14":"sale","15":"taxable","16":"shipping-taxable","17":"purchasable","18":"product-type-variable","19":"add-to-wishlist-before_image"},"exclude_global_add_ons":[],"addons":[],"acf":[],"_links":{"self":[{"href":"https:\/\/shop.kustom.ch\/fr\/wp-json\/wp\/v2\/product\/103065"}],"collection":[{"href":"https:\/\/shop.kustom.ch\/fr\/wp-json\/wp\/v2\/product"}],"about":[{"href":"https:\/\/shop.kustom.ch\/fr\/wp-json\/wp\/v2\/types\/product"}],"wp:featuredmedia":[{"embeddable":true,"href":"https:\/\/shop.kustom.ch\/fr\/wp-json\/wp\/v2\/media\/103064"}],"wp:attachment":[{"href":"https:\/\/shop.kustom.ch\/fr\/wp-json\/wp\/v2\/media?parent=103065"}],"wp:term":[{"taxonomy":"product_brand","embeddable":true,"href":"https:\/\/shop.kustom.ch\/fr\/wp-json\/wp\/v2\/product_brand?post=103065"},{"taxonomy":"product_cat","embeddable":true,"href":"https:\/\/shop.kustom.ch\/fr\/wp-json\/wp\/v2\/product_cat?post=103065"},{"taxonomy":"product_tag","embeddable":true,"href":"https:\/\/shop.kustom.ch\/fr\/wp-json\/wp\/v2\/product_tag?post=103065"}],"curies":[{"name":"wp","href":"https:\/\/api.w.org\/{rel}","templated":true}]}}