{"id":103042,"date":"2024-03-20T17:47:51","date_gmt":"2024-03-20T16:47:51","guid":{"rendered":"https:\/\/kustomshop.kinsta.cloud\/produkt\/core-soul-sweatpants-w\/"},"modified":"2026-03-27T14:26:35","modified_gmt":"2026-03-27T13:26:35","slug":"core-soul-sweatpants-w","status":"publish","type":"product","link":"https:\/\/shop.kustom.ch\/fr\/produit\/core-soul-sweatpants-w\/","title":{"rendered":"CORE Soul Sweatpants W"},"content":{"rendered":"<p>Pantalon de jogging d\u00e9contract\u00e9 fabriqu\u00e9 dans un m\u00e9lange doux et confortable de coton et de polyester pour les activit\u00e9s quotidiennes. Deux poches lat\u00e9rales zipp\u00e9es et un logo en caoutchouc sur le c\u00f4t\u00e9 gauche.<br \/>\n- Coupe confortable<br \/>\n- Deux poches lat\u00e9rales zipp\u00e9es<br \/>\n- logo en caoutchouc Craft sur le c\u00f4t\u00e9 gauche<\/p>\n<p>Mati\u00e8re : 48% coton 47% polyester 5%Elasthanne<\/p>","protected":false},"excerpt":{"rendered":"<p><span><\/span><\/p>","protected":false},"featured_media":103041,"template":"","meta":[],"product_brand":[],"product_cat":[4185],"product_tag":[],"class_list":{"0":"post-103042","1":"product","2":"type-product","3":"status-publish","4":"has-post-thumbnail","6":"product_cat-hosen","7":"pa_brand-craft-retail-sportswear","8":"pa_brand-type-sportswear","9":"pa_filter-color-blau","10":"pa_filter-color-grau","11":"pa_filter-color-schwarz","13":"first","14":"instock","15":"sale","16":"taxable","17":"shipping-taxable","18":"purchasable","19":"product-type-variable","20":"add-to-wishlist-before_image"},"exclude_global_add_ons":[],"addons":[],"acf":[],"_links":{"self":[{"href":"https:\/\/shop.kustom.ch\/fr\/wp-json\/wp\/v2\/product\/103042"}],"collection":[{"href":"https:\/\/shop.kustom.ch\/fr\/wp-json\/wp\/v2\/product"}],"about":[{"href":"https:\/\/shop.kustom.ch\/fr\/wp-json\/wp\/v2\/types\/product"}],"wp:featuredmedia":[{"embeddable":true,"href":"https:\/\/shop.kustom.ch\/fr\/wp-json\/wp\/v2\/media\/103041"}],"wp:attachment":[{"href":"https:\/\/shop.kustom.ch\/fr\/wp-json\/wp\/v2\/media?parent=103042"}],"wp:term":[{"taxonomy":"product_brand","embeddable":true,"href":"https:\/\/shop.kustom.ch\/fr\/wp-json\/wp\/v2\/product_brand?post=103042"},{"taxonomy":"product_cat","embeddable":true,"href":"https:\/\/shop.kustom.ch\/fr\/wp-json\/wp\/v2\/product_cat?post=103042"},{"taxonomy":"product_tag","embeddable":true,"href":"https:\/\/shop.kustom.ch\/fr\/wp-json\/wp\/v2\/product_tag?post=103042"}],"curies":[{"name":"wp","href":"https:\/\/api.w.org\/{rel}","templated":true}]}}