{"id":102989,"date":"2024-03-20T17:46:37","date_gmt":"2024-03-20T16:46:37","guid":{"rendered":"https:\/\/kustomshop.kinsta.cloud\/produkt\/core-soul-full-zip-hood-w\/"},"modified":"2026-03-27T15:13:15","modified_gmt":"2026-03-27T14:13:15","slug":"core-soul-full-zip-hood-w","status":"publish","type":"product","link":"https:\/\/shop.kustom.ch\/fr\/produit\/core-soul-full-zip-hood-w\/","title":{"rendered":"CORE Soul Full Zip Hood W"},"content":{"rendered":"<p>Veste \u00e0 capuche d\u00e9contract\u00e9e avec fermeture \u00e9clair sur toute la longueur, fabriqu\u00e9e dans un m\u00e9lange doux et confortable de coton et de polyester pour les activit\u00e9s quotidiennes. Livr\u00e9e avec deux poches avant et des logos en caoutchouc.<br \/>\n- Coupe confortable<br \/>\n- Deux poches \u00e0 l'avant<br \/>\n- logo en caoutchouc Craft sur le devant<br \/>\n- Logo Six dots en caoutchouc au milieu du dos<\/p>\n<p>Mati\u00e8re : 48% coton 47% polyester 5%Elasthanne<\/p>","protected":false},"excerpt":{"rendered":"<p><span><\/span><\/p>","protected":false},"featured_media":102988,"template":"","meta":[],"product_brand":[],"product_cat":[4184],"product_tag":[],"class_list":{"0":"post-102989","1":"product","2":"type-product","3":"status-publish","4":"has-post-thumbnail","6":"product_cat-hoodies-pullover","7":"pa_brand-craft-retail-sportswear","8":"pa_brand-type-sportswear","9":"pa_filter-color-blau","10":"pa_filter-color-grau","11":"pa_filter-color-gruen","12":"pa_filter-color-orange","13":"pa_filter-color-rot","14":"pa_filter-color-schwarz","16":"first","17":"instock","18":"sale","19":"taxable","20":"shipping-taxable","21":"purchasable","22":"product-type-variable","23":"add-to-wishlist-before_image"},"exclude_global_add_ons":[],"addons":[],"acf":[],"_links":{"self":[{"href":"https:\/\/shop.kustom.ch\/fr\/wp-json\/wp\/v2\/product\/102989"}],"collection":[{"href":"https:\/\/shop.kustom.ch\/fr\/wp-json\/wp\/v2\/product"}],"about":[{"href":"https:\/\/shop.kustom.ch\/fr\/wp-json\/wp\/v2\/types\/product"}],"wp:featuredmedia":[{"embeddable":true,"href":"https:\/\/shop.kustom.ch\/fr\/wp-json\/wp\/v2\/media\/102988"}],"wp:attachment":[{"href":"https:\/\/shop.kustom.ch\/fr\/wp-json\/wp\/v2\/media?parent=102989"}],"wp:term":[{"taxonomy":"product_brand","embeddable":true,"href":"https:\/\/shop.kustom.ch\/fr\/wp-json\/wp\/v2\/product_brand?post=102989"},{"taxonomy":"product_cat","embeddable":true,"href":"https:\/\/shop.kustom.ch\/fr\/wp-json\/wp\/v2\/product_cat?post=102989"},{"taxonomy":"product_tag","embeddable":true,"href":"https:\/\/shop.kustom.ch\/fr\/wp-json\/wp\/v2\/product_tag?post=102989"}],"curies":[{"name":"wp","href":"https:\/\/api.w.org\/{rel}","templated":true}]}}