{"id":102951,"date":"2024-03-20T17:45:57","date_gmt":"2024-03-20T16:45:57","guid":{"rendered":"https:\/\/kustomshop.kinsta.cloud\/produkt\/core-soul-hood-sweatshirt-m\/"},"modified":"2026-03-27T15:16:54","modified_gmt":"2026-03-27T14:16:54","slug":"core-soul-hood-sweatshirt-m","status":"publish","type":"product","link":"https:\/\/shop.kustom.ch\/fr\/produit\/core-soul-hood-sweatshirt-m\/","title":{"rendered":"CORE Soul Hood Sweatshirt M"},"content":{"rendered":"<p>Sweat \u00e0 capuche d\u00e9contract\u00e9 fabriqu\u00e9 dans un m\u00e9lange doux et confortable de coton et de polyester pour les activit\u00e9s quotidiennes. Livr\u00e9 avec deux poches avant et des logos en caoutchouc.<br \/>\n- Coupe confortable<br \/>\n- Deux poches \u00e0 l'avant<br \/>\n- logo en caoutchouc Craft sur le devant<br \/>\n- Logo Six dots en caoutchouc au milieu du dos<\/p>\n<p>Mati\u00e8re : 48% coton 47% polyester 5%Elasthanne<\/p>","protected":false},"excerpt":{"rendered":"<p><span><\/span><\/p>","protected":false},"featured_media":102950,"template":"","meta":[],"product_brand":[],"product_cat":[4184],"product_tag":[],"class_list":{"0":"post-102951","1":"product","2":"type-product","3":"status-publish","4":"has-post-thumbnail","6":"product_cat-hoodies-pullover","7":"pa_brand-craft-retail-sportswear","8":"pa_brand-type-sportswear","9":"pa_filter-color-blau","10":"pa_filter-color-grau","11":"pa_filter-color-gruen","12":"pa_filter-color-rot","13":"pa_filter-color-schwarz","15":"first","16":"instock","17":"sale","18":"taxable","19":"shipping-taxable","20":"purchasable","21":"product-type-variable","22":"add-to-wishlist-before_image"},"exclude_global_add_ons":[],"addons":[],"acf":[],"_links":{"self":[{"href":"https:\/\/shop.kustom.ch\/fr\/wp-json\/wp\/v2\/product\/102951"}],"collection":[{"href":"https:\/\/shop.kustom.ch\/fr\/wp-json\/wp\/v2\/product"}],"about":[{"href":"https:\/\/shop.kustom.ch\/fr\/wp-json\/wp\/v2\/types\/product"}],"wp:featuredmedia":[{"embeddable":true,"href":"https:\/\/shop.kustom.ch\/fr\/wp-json\/wp\/v2\/media\/102950"}],"wp:attachment":[{"href":"https:\/\/shop.kustom.ch\/fr\/wp-json\/wp\/v2\/media?parent=102951"}],"wp:term":[{"taxonomy":"product_brand","embeddable":true,"href":"https:\/\/shop.kustom.ch\/fr\/wp-json\/wp\/v2\/product_brand?post=102951"},{"taxonomy":"product_cat","embeddable":true,"href":"https:\/\/shop.kustom.ch\/fr\/wp-json\/wp\/v2\/product_cat?post=102951"},{"taxonomy":"product_tag","embeddable":true,"href":"https:\/\/shop.kustom.ch\/fr\/wp-json\/wp\/v2\/product_tag?post=102951"}],"curies":[{"name":"wp","href":"https:\/\/api.w.org\/{rel}","templated":true}]}}