{"id":102939,"date":"2024-03-20T17:44:37","date_gmt":"2024-03-20T16:44:37","guid":{"rendered":"https:\/\/kustomshop.kinsta.cloud\/produkt\/core-offroad-ss-jersey-w\/"},"modified":"2026-03-27T14:08:08","modified_gmt":"2026-03-27T13:08:08","slug":"core-offroad-ss-jersey-w","status":"publish","type":"product","link":"https:\/\/shop.kustom.ch\/fr\/produit\/core-offroad-ss-jersey-w\/","title":{"rendered":"Core Offroad SS Jersey W"},"content":{"rendered":"<p>Maillot stretch doux et fonctionnel pour tous ceux qui aiment le VTT et le gravel bike. Mati\u00e8re recycl\u00e9e, fermeture \u00e9clair courte \u00e0 l'avant et poche avec fermeture \u00e9clair \u00e0 l'arri\u00e8re. Coupe normale.<\/p>\n<p>Mat\u00e9riaux : Corps \/ Manches : 100% polyester - recycl\u00e9, Panneau lat\u00e9ral : 90% polyester, 10% \u00e9lasthanne<\/p>","protected":false},"excerpt":{"rendered":"<p><span><\/span><\/p>","protected":false},"featured_media":102938,"template":"","meta":[],"product_brand":[],"product_cat":[4201],"product_tag":[],"class_list":{"0":"post-102939","1":"product","2":"type-product","3":"status-publish","4":"has-post-thumbnail","6":"product_cat-t-shirts","7":"pa_brand-craft-retail-sportswear","8":"pa_brand-type-sportswear","9":"pa_filter-color-grau","11":"first","12":"instock","13":"sale","14":"taxable","15":"shipping-taxable","16":"purchasable","17":"product-type-variable","18":"add-to-wishlist-before_image"},"exclude_global_add_ons":[],"addons":[],"acf":[],"_links":{"self":[{"href":"https:\/\/shop.kustom.ch\/fr\/wp-json\/wp\/v2\/product\/102939"}],"collection":[{"href":"https:\/\/shop.kustom.ch\/fr\/wp-json\/wp\/v2\/product"}],"about":[{"href":"https:\/\/shop.kustom.ch\/fr\/wp-json\/wp\/v2\/types\/product"}],"wp:featuredmedia":[{"embeddable":true,"href":"https:\/\/shop.kustom.ch\/fr\/wp-json\/wp\/v2\/media\/102938"}],"wp:attachment":[{"href":"https:\/\/shop.kustom.ch\/fr\/wp-json\/wp\/v2\/media?parent=102939"}],"wp:term":[{"taxonomy":"product_brand","embeddable":true,"href":"https:\/\/shop.kustom.ch\/fr\/wp-json\/wp\/v2\/product_brand?post=102939"},{"taxonomy":"product_cat","embeddable":true,"href":"https:\/\/shop.kustom.ch\/fr\/wp-json\/wp\/v2\/product_cat?post=102939"},{"taxonomy":"product_tag","embeddable":true,"href":"https:\/\/shop.kustom.ch\/fr\/wp-json\/wp\/v2\/product_tag?post=102939"}],"curies":[{"name":"wp","href":"https:\/\/api.w.org\/{rel}","templated":true}]}}