{"id":102923,"date":"2024-03-20T17:44:13","date_gmt":"2024-03-20T16:44:13","guid":{"rendered":"https:\/\/kustomshop.kinsta.cloud\/produkt\/core-offroad-xt-ss-jersey-w\/"},"modified":"2026-03-27T14:03:35","modified_gmt":"2026-03-27T13:03:35","slug":"core-offroad-xt-ss-jersey-w","status":"publish","type":"product","link":"https:\/\/shop.kustom.ch\/fr\/produit\/core-offroad-xt-ss-jersey-w\/","title":{"rendered":"Core Offroad XT SS Jersey W"},"content":{"rendered":"<p>Maillot stretch avec coupe large pour tous ceux qui aiment le VTT et le gravel bike. Fabriqu\u00e9 en mati\u00e8re recycl\u00e9e r\u00e9sistante, fonctionnelle et \u00e0 s\u00e9chage rapide.<\/p>\n<p>Mat\u00e9riau : Upper Front Body \/ Manches : 100% Polyester - recycl\u00e9, Back \/ Lower Front Body 100% Polyester<\/p>","protected":false},"excerpt":{"rendered":"<p><span><\/span><\/p>","protected":false},"featured_media":102922,"template":"","meta":[],"product_brand":[],"product_cat":[4201],"product_tag":[],"class_list":{"0":"post-102923","1":"product","2":"type-product","3":"status-publish","4":"has-post-thumbnail","6":"product_cat-t-shirts","7":"pa_brand-craft-retail-sportswear","8":"pa_brand-type-sportswear","9":"pa_filter-color-grau","11":"first","12":"instock","13":"sale","14":"taxable","15":"shipping-taxable","16":"purchasable","17":"product-type-variable","18":"add-to-wishlist-before_image"},"exclude_global_add_ons":[],"addons":[],"acf":[],"_links":{"self":[{"href":"https:\/\/shop.kustom.ch\/fr\/wp-json\/wp\/v2\/product\/102923"}],"collection":[{"href":"https:\/\/shop.kustom.ch\/fr\/wp-json\/wp\/v2\/product"}],"about":[{"href":"https:\/\/shop.kustom.ch\/fr\/wp-json\/wp\/v2\/types\/product"}],"wp:featuredmedia":[{"embeddable":true,"href":"https:\/\/shop.kustom.ch\/fr\/wp-json\/wp\/v2\/media\/102922"}],"wp:attachment":[{"href":"https:\/\/shop.kustom.ch\/fr\/wp-json\/wp\/v2\/media?parent=102923"}],"wp:term":[{"taxonomy":"product_brand","embeddable":true,"href":"https:\/\/shop.kustom.ch\/fr\/wp-json\/wp\/v2\/product_brand?post=102923"},{"taxonomy":"product_cat","embeddable":true,"href":"https:\/\/shop.kustom.ch\/fr\/wp-json\/wp\/v2\/product_cat?post=102923"},{"taxonomy":"product_tag","embeddable":true,"href":"https:\/\/shop.kustom.ch\/fr\/wp-json\/wp\/v2\/product_tag?post=102923"}],"curies":[{"name":"wp","href":"https:\/\/api.w.org\/{rel}","templated":true}]}}