{"id":102921,"date":"2024-03-20T17:43:43","date_gmt":"2024-03-20T16:43:43","guid":{"rendered":"https:\/\/kustomshop.kinsta.cloud\/produkt\/adv-offroad-ss-jersey-w\/"},"modified":"2026-03-27T13:57:56","modified_gmt":"2026-03-27T12:57:56","slug":"adv-offroad-ss-jersey-w","status":"publish","type":"product","link":"https:\/\/shop.kustom.ch\/fr\/produit\/adv-offroad-ss-jersey-w\/","title":{"rendered":"Adv Offroad SS Jersey W"},"content":{"rendered":"<p>Maillot pour avanc\u00e9s en mati\u00e8re stretch douce et r\u00e9sistante pour le VTT et le gravel bike intensifs. Rev\u00eatement en silicone sur les \u00e9paules, bande en silicone \u00e0 la taille et cinq poches, dont trois grandes poches \u00e0 l'arri\u00e8re.<\/p>\n<p>Mati\u00e8re : 91% polyamide - recycl\u00e9, 9% \u00e9lasthanne<\/p>","protected":false},"excerpt":{"rendered":"<p><span><\/span><\/p>","protected":false},"featured_media":102920,"template":"","meta":[],"product_brand":[],"product_cat":[4201],"product_tag":[],"class_list":{"0":"post-102921","1":"product","2":"type-product","3":"status-publish","4":"has-post-thumbnail","6":"product_cat-t-shirts","7":"pa_brand-craft-retail-sportswear","8":"pa_brand-type-sportswear","9":"pa_filter-color-violet","11":"first","12":"instock","13":"sale","14":"taxable","15":"shipping-taxable","16":"purchasable","17":"product-type-variable","18":"add-to-wishlist-before_image"},"exclude_global_add_ons":[],"addons":[],"acf":[],"_links":{"self":[{"href":"https:\/\/shop.kustom.ch\/fr\/wp-json\/wp\/v2\/product\/102921"}],"collection":[{"href":"https:\/\/shop.kustom.ch\/fr\/wp-json\/wp\/v2\/product"}],"about":[{"href":"https:\/\/shop.kustom.ch\/fr\/wp-json\/wp\/v2\/types\/product"}],"wp:featuredmedia":[{"embeddable":true,"href":"https:\/\/shop.kustom.ch\/fr\/wp-json\/wp\/v2\/media\/102920"}],"wp:attachment":[{"href":"https:\/\/shop.kustom.ch\/fr\/wp-json\/wp\/v2\/media?parent=102921"}],"wp:term":[{"taxonomy":"product_brand","embeddable":true,"href":"https:\/\/shop.kustom.ch\/fr\/wp-json\/wp\/v2\/product_brand?post=102921"},{"taxonomy":"product_cat","embeddable":true,"href":"https:\/\/shop.kustom.ch\/fr\/wp-json\/wp\/v2\/product_cat?post=102921"},{"taxonomy":"product_tag","embeddable":true,"href":"https:\/\/shop.kustom.ch\/fr\/wp-json\/wp\/v2\/product_tag?post=102921"}],"curies":[{"name":"wp","href":"https:\/\/api.w.org\/{rel}","templated":true}]}}