{"id":102919,"date":"2024-03-20T17:43:26","date_gmt":"2024-03-20T16:43:26","guid":{"rendered":"https:\/\/kustomshop.kinsta.cloud\/produkt\/adv-offroad-xt-shorts-w-pad-w\/"},"modified":"2026-03-27T14:36:16","modified_gmt":"2026-03-27T13:36:16","slug":"adv-offroad-xt-shorts-w-pad-w","status":"publish","type":"product","link":"https:\/\/shop.kustom.ch\/fr\/produit\/adv-offroad-xt-shorts-w-pad-w\/","title":{"rendered":"Short Adv Offroad XT w Pad W"},"content":{"rendered":"<p>Short r\u00e9sistant avec une coupe large, des inserts \u00e9lastiques et des zones de ventilation perfor\u00e9es pour le VTT et le Gravelbike intensifs. Short int\u00e9rieur amovible avec pad C4, ceinture avec velcro et poche zipp\u00e9e. Short r\u00e9sistant avec coupe large, empi\u00e8cements \u00e9lastiques et zones de ventilation perfor\u00e9es pour le VTT et le gravelbike intensifs. Short int\u00e9rieur amovible avec pad C4, ceinture avec velcro et poche avec fermeture \u00e9clair.<\/p>\n<p>Mat\u00e9riau : Corps : 92% polyamide, 8% \u00e9lasthanne, Doublure 88% polyester, 12% \u00e9lasthanne<\/p>","protected":false},"excerpt":{"rendered":"<p><span><\/span><\/p>","protected":false},"featured_media":102918,"template":"","meta":[],"product_brand":[],"product_cat":[4198],"product_tag":[],"class_list":{"0":"post-102919","1":"product","2":"type-product","3":"status-publish","4":"has-post-thumbnail","6":"product_cat-shorts","7":"pa_brand-craft-retail-sportswear","8":"pa_brand-type-sportswear","9":"pa_filter-color-beige","10":"pa_filter-color-schwarz","12":"first","13":"instock","14":"sale","15":"taxable","16":"shipping-taxable","17":"purchasable","18":"product-type-variable","19":"add-to-wishlist-before_image"},"exclude_global_add_ons":[],"addons":[],"acf":[],"_links":{"self":[{"href":"https:\/\/shop.kustom.ch\/fr\/wp-json\/wp\/v2\/product\/102919"}],"collection":[{"href":"https:\/\/shop.kustom.ch\/fr\/wp-json\/wp\/v2\/product"}],"about":[{"href":"https:\/\/shop.kustom.ch\/fr\/wp-json\/wp\/v2\/types\/product"}],"wp:featuredmedia":[{"embeddable":true,"href":"https:\/\/shop.kustom.ch\/fr\/wp-json\/wp\/v2\/media\/102918"}],"wp:attachment":[{"href":"https:\/\/shop.kustom.ch\/fr\/wp-json\/wp\/v2\/media?parent=102919"}],"wp:term":[{"taxonomy":"product_brand","embeddable":true,"href":"https:\/\/shop.kustom.ch\/fr\/wp-json\/wp\/v2\/product_brand?post=102919"},{"taxonomy":"product_cat","embeddable":true,"href":"https:\/\/shop.kustom.ch\/fr\/wp-json\/wp\/v2\/product_cat?post=102919"},{"taxonomy":"product_tag","embeddable":true,"href":"https:\/\/shop.kustom.ch\/fr\/wp-json\/wp\/v2\/product_tag?post=102919"}],"curies":[{"name":"wp","href":"https:\/\/api.w.org\/{rel}","templated":true}]}}