{"id":102892,"date":"2024-03-20T17:42:30","date_gmt":"2024-03-20T16:42:30","guid":{"rendered":"https:\/\/kustomshop.kinsta.cloud\/produkt\/adv-offroad-xt-shorts-w-pad-m\/"},"modified":"2026-03-27T14:34:29","modified_gmt":"2026-03-27T13:34:29","slug":"adv-offroad-xt-shorts-w-pad-m","status":"publish","type":"product","link":"https:\/\/shop.kustom.ch\/fr\/produit\/adv-offroad-xt-shorts-w-pad-m\/","title":{"rendered":"Short Adv Offroad XT w Pad M"},"content":{"rendered":"<p>Short r\u00e9sistant avec une coupe large, des inserts \u00e9lastiques et des zones de ventilation perfor\u00e9es pour le VTT et le gravel bike intensifs. Short int\u00e9rieur amovible avec pad C4, ceinture avec fermeture velcro et poche avec fermeture \u00e9clair.<\/p>\n<p>Mat\u00e9riau : Corps : 92% polyamide, 8% \u00e9lasthanne, Doublure 88% polyester, 12% \u00e9lasthanne<\/p>","protected":false},"excerpt":{"rendered":"<p><span><\/span><\/p>","protected":false},"featured_media":102891,"template":"","meta":[],"product_brand":[],"product_cat":[4198],"product_tag":[],"class_list":{"0":"post-102892","1":"product","2":"type-product","3":"status-publish","4":"has-post-thumbnail","6":"product_cat-shorts","7":"pa_brand-craft-retail-sportswear","8":"pa_brand-type-sportswear","9":"pa_filter-color-blau","10":"pa_filter-color-rot","11":"pa_filter-color-schwarz","13":"first","14":"instock","15":"sale","16":"taxable","17":"shipping-taxable","18":"purchasable","19":"product-type-variable","20":"add-to-wishlist-before_image"},"exclude_global_add_ons":[],"addons":[],"acf":[],"_links":{"self":[{"href":"https:\/\/shop.kustom.ch\/fr\/wp-json\/wp\/v2\/product\/102892"}],"collection":[{"href":"https:\/\/shop.kustom.ch\/fr\/wp-json\/wp\/v2\/product"}],"about":[{"href":"https:\/\/shop.kustom.ch\/fr\/wp-json\/wp\/v2\/types\/product"}],"wp:featuredmedia":[{"embeddable":true,"href":"https:\/\/shop.kustom.ch\/fr\/wp-json\/wp\/v2\/media\/102891"}],"wp:attachment":[{"href":"https:\/\/shop.kustom.ch\/fr\/wp-json\/wp\/v2\/media?parent=102892"}],"wp:term":[{"taxonomy":"product_brand","embeddable":true,"href":"https:\/\/shop.kustom.ch\/fr\/wp-json\/wp\/v2\/product_brand?post=102892"},{"taxonomy":"product_cat","embeddable":true,"href":"https:\/\/shop.kustom.ch\/fr\/wp-json\/wp\/v2\/product_cat?post=102892"},{"taxonomy":"product_tag","embeddable":true,"href":"https:\/\/shop.kustom.ch\/fr\/wp-json\/wp\/v2\/product_tag?post=102892"}],"curies":[{"name":"wp","href":"https:\/\/api.w.org\/{rel}","templated":true}]}}