{"id":102869,"date":"2024-03-20T17:41:31","date_gmt":"2024-03-20T16:41:31","guid":{"rendered":"https:\/\/kustomshop.kinsta.cloud\/produkt\/adv-endur-singlet-w\/"},"modified":"2026-03-27T14:01:01","modified_gmt":"2026-03-27T13:01:01","slug":"adv-endur-singlet-w","status":"publish","type":"product","link":"https:\/\/shop.kustom.ch\/fr\/produit\/adv-endur-singlet-w\/","title":{"rendered":"D\u00e9bardeur Adv Endur W"},"content":{"rendered":"<p>Top pour le cyclisme avanc\u00e9 en mati\u00e8re stretch douce pour un excellent transport de l'humidit\u00e9 lors de la pratique intensive du v\u00e9lo. Inserts en mesh avec zones climatiques sp\u00e9ciales pour une ventilation accrue, trois poches \u00e0 l'arri\u00e8re et rev\u00eatement en silicone \u00e0 l'arri\u00e8re, \u00e0 la taille.<\/p>\n<p>Mat\u00e9riau : Corps : 100% polyester, Panneaux lat\u00e9raux : 90% polyester,10% \u00e9lasthanne, Bretelles : 72% polyamide, 28% \u00e9lasthanne<\/p>","protected":false},"excerpt":{"rendered":"<p><span><\/span><\/p>","protected":false},"featured_media":102868,"template":"","meta":[],"product_brand":[],"product_cat":[4201],"product_tag":[],"class_list":{"0":"post-102869","1":"product","2":"type-product","3":"status-publish","4":"has-post-thumbnail","6":"product_cat-t-shirts","7":"pa_brand-craft-retail-sportswear","8":"pa_brand-type-sportswear","9":"pa_filter-color-pink","11":"first","12":"instock","13":"sale","14":"taxable","15":"shipping-taxable","16":"purchasable","17":"product-type-variable","18":"add-to-wishlist-before_image"},"exclude_global_add_ons":[],"addons":[],"acf":[],"_links":{"self":[{"href":"https:\/\/shop.kustom.ch\/fr\/wp-json\/wp\/v2\/product\/102869"}],"collection":[{"href":"https:\/\/shop.kustom.ch\/fr\/wp-json\/wp\/v2\/product"}],"about":[{"href":"https:\/\/shop.kustom.ch\/fr\/wp-json\/wp\/v2\/types\/product"}],"wp:featuredmedia":[{"embeddable":true,"href":"https:\/\/shop.kustom.ch\/fr\/wp-json\/wp\/v2\/media\/102868"}],"wp:attachment":[{"href":"https:\/\/shop.kustom.ch\/fr\/wp-json\/wp\/v2\/media?parent=102869"}],"wp:term":[{"taxonomy":"product_brand","embeddable":true,"href":"https:\/\/shop.kustom.ch\/fr\/wp-json\/wp\/v2\/product_brand?post=102869"},{"taxonomy":"product_cat","embeddable":true,"href":"https:\/\/shop.kustom.ch\/fr\/wp-json\/wp\/v2\/product_cat?post=102869"},{"taxonomy":"product_tag","embeddable":true,"href":"https:\/\/shop.kustom.ch\/fr\/wp-json\/wp\/v2\/product_tag?post=102869"}],"curies":[{"name":"wp","href":"https:\/\/api.w.org\/{rel}","templated":true}]}}