{"id":102861,"date":"2024-03-20T17:40:43","date_gmt":"2024-03-20T16:40:43","guid":{"rendered":"https:\/\/kustomshop.kinsta.cloud\/produkt\/adv-aero-bib-shorts-w\/"},"modified":"2026-03-27T13:53:50","modified_gmt":"2026-03-27T12:53:50","slug":"adv-aero-bib-shorts-w","status":"publish","type":"product","link":"https:\/\/shop.kustom.ch\/fr\/produit\/adv-aero-bib-shorts-w\/","title":{"rendered":"Adv Aero Bib Shorts W"},"content":{"rendered":"<p>Short \u00e0 bretelles pour avanc\u00e9s avec d'excellentes propri\u00e9t\u00e9s a\u00e9rodynamiques et de contr\u00f4le du corps, un excellent transfert d'humidit\u00e9 et C2 Pad Woman. En mati\u00e8re Lycra\u00ae Sport Energy avec des inserts avec des zones climatiques sp\u00e9ciales pour un passage optimal de l'air et une r\u00e9sistance minimale \u00e0 l'air.<\/p>\n<p>Composition : Corps : 75% polyamide, 25% \u00e9lasthanne, Panneaux lat\u00e9raux : 70% polyamide, 30% \u00e9lasthanne, Bretelles : 95% polyester, 5% \u00e9lasthanne<\/p>","protected":false},"excerpt":{"rendered":"<p><span><\/span><\/p>","protected":false},"featured_media":102860,"template":"","meta":[],"product_brand":[],"product_cat":[4198],"product_tag":[],"class_list":{"0":"post-102861","1":"product","2":"type-product","3":"status-publish","4":"has-post-thumbnail","6":"product_cat-shorts","7":"pa_brand-craft-retail-sportswear","8":"pa_brand-type-sportswear","9":"pa_filter-color-schwarz","11":"first","12":"outofstock","13":"sale","14":"taxable","15":"shipping-taxable","16":"purchasable","17":"product-type-variable","18":"add-to-wishlist-before_image"},"exclude_global_add_ons":[],"addons":[],"acf":[],"_links":{"self":[{"href":"https:\/\/shop.kustom.ch\/fr\/wp-json\/wp\/v2\/product\/102861"}],"collection":[{"href":"https:\/\/shop.kustom.ch\/fr\/wp-json\/wp\/v2\/product"}],"about":[{"href":"https:\/\/shop.kustom.ch\/fr\/wp-json\/wp\/v2\/types\/product"}],"wp:featuredmedia":[{"embeddable":true,"href":"https:\/\/shop.kustom.ch\/fr\/wp-json\/wp\/v2\/media\/102860"}],"wp:attachment":[{"href":"https:\/\/shop.kustom.ch\/fr\/wp-json\/wp\/v2\/media?parent=102861"}],"wp:term":[{"taxonomy":"product_brand","embeddable":true,"href":"https:\/\/shop.kustom.ch\/fr\/wp-json\/wp\/v2\/product_brand?post=102861"},{"taxonomy":"product_cat","embeddable":true,"href":"https:\/\/shop.kustom.ch\/fr\/wp-json\/wp\/v2\/product_cat?post=102861"},{"taxonomy":"product_tag","embeddable":true,"href":"https:\/\/shop.kustom.ch\/fr\/wp-json\/wp\/v2\/product_tag?post=102861"}],"curies":[{"name":"wp","href":"https:\/\/api.w.org\/{rel}","templated":true}]}}