{"id":102826,"date":"2024-03-20T17:39:09","date_gmt":"2024-03-20T16:39:09","guid":{"rendered":"https:\/\/kustomshop.kinsta.cloud\/produkt\/adv-aero-jersey-m\/"},"modified":"2026-03-27T14:37:58","modified_gmt":"2026-03-27T13:37:58","slug":"adv-aero-jersey-m","status":"publish","type":"product","link":"https:\/\/shop.kustom.ch\/fr\/produit\/adv-aero-jersey-m\/","title":{"rendered":"Adv Aero Jersey M"},"content":{"rendered":"<p>Maillot pour le cyclisme avanc\u00e9 avec d'excellentes propri\u00e9t\u00e9s a\u00e9rodynamiques pour une vitesse \u00e9lev\u00e9e. Empi\u00e8cements avec zones climatiques sp\u00e9ciales pour un passage optimal de l'air et une r\u00e9sistance minimale \u00e0 l'air. Manches coup\u00e9es particuli\u00e8rement longues.<\/p>\n<p>Mat\u00e9riaux : Corps : 92% polyester, 8% \u00e9lasthanne, Manches : 87% polyester, 13% \u00e9lasthanne<\/p>","protected":false},"excerpt":{"rendered":"<p><span><\/span><\/p>","protected":false},"featured_media":102825,"template":"","meta":[],"product_brand":[],"product_cat":[4201],"product_tag":[],"class_list":{"0":"post-102826","1":"product","2":"type-product","3":"status-publish","4":"has-post-thumbnail","6":"product_cat-t-shirts","7":"pa_brand-craft-retail-sportswear","8":"pa_brand-type-sportswear","9":"pa_filter-color-gelb","10":"pa_filter-color-grau","11":"pa_filter-color-schwarz","13":"first","14":"outofstock","15":"sale","16":"taxable","17":"shipping-taxable","18":"purchasable","19":"product-type-variable","20":"add-to-wishlist-before_image"},"exclude_global_add_ons":[],"addons":[],"acf":[],"_links":{"self":[{"href":"https:\/\/shop.kustom.ch\/fr\/wp-json\/wp\/v2\/product\/102826"}],"collection":[{"href":"https:\/\/shop.kustom.ch\/fr\/wp-json\/wp\/v2\/product"}],"about":[{"href":"https:\/\/shop.kustom.ch\/fr\/wp-json\/wp\/v2\/types\/product"}],"wp:featuredmedia":[{"embeddable":true,"href":"https:\/\/shop.kustom.ch\/fr\/wp-json\/wp\/v2\/media\/102825"}],"wp:attachment":[{"href":"https:\/\/shop.kustom.ch\/fr\/wp-json\/wp\/v2\/media?parent=102826"}],"wp:term":[{"taxonomy":"product_brand","embeddable":true,"href":"https:\/\/shop.kustom.ch\/fr\/wp-json\/wp\/v2\/product_brand?post=102826"},{"taxonomy":"product_cat","embeddable":true,"href":"https:\/\/shop.kustom.ch\/fr\/wp-json\/wp\/v2\/product_cat?post=102826"},{"taxonomy":"product_tag","embeddable":true,"href":"https:\/\/shop.kustom.ch\/fr\/wp-json\/wp\/v2\/product_tag?post=102826"}],"curies":[{"name":"wp","href":"https:\/\/api.w.org\/{rel}","templated":true}]}}