{"id":102818,"date":"2024-03-20T17:38:52","date_gmt":"2024-03-20T16:38:52","guid":{"rendered":"https:\/\/kustomshop.kinsta.cloud\/produkt\/pro-aero-jersey-m\/"},"modified":"2026-03-27T14:33:14","modified_gmt":"2026-03-27T13:33:14","slug":"pro-aero-jersey-m","status":"publish","type":"product","link":"https:\/\/shop.kustom.ch\/fr\/produit\/pro-aero-jersey-m\/","title":{"rendered":"Maillot Pro Aero M"},"content":{"rendered":"<p>Maillot de cyclisme pour professionnels avec d'excellentes propri\u00e9t\u00e9s a\u00e9rodynamiques pour une vitesse maximale. Inserts avec des zones climatiques sp\u00e9ciales pour un passage optimal de l'air et une r\u00e9sistance minimale \u00e0 l'air. Insert perfor\u00e9 dans le dos et extr\u00e9mit\u00e9s des manches coup\u00e9es.<\/p>\n<p>Mat\u00e9riau : Corps : 92% polyester, 8% \u00e9lasthanne, Manches\/dos du corps : 80% polyester, 20% \u00e9lasthanne<\/p>","protected":false},"excerpt":{"rendered":"<p><span><\/span><\/p>","protected":false},"featured_media":102817,"template":"","meta":[],"product_brand":[],"product_cat":[4201],"product_tag":[],"class_list":{"0":"post-102818","1":"product","2":"type-product","3":"status-publish","4":"has-post-thumbnail","6":"product_cat-t-shirts","7":"pa_brand-craft-retail-sportswear","8":"pa_brand-type-sportswear","9":"pa_filter-color-rot","11":"first","12":"outofstock","13":"sale","14":"taxable","15":"shipping-taxable","16":"purchasable","17":"product-type-variable","18":"add-to-wishlist-before_image"},"exclude_global_add_ons":[],"addons":[],"acf":[],"_links":{"self":[{"href":"https:\/\/shop.kustom.ch\/fr\/wp-json\/wp\/v2\/product\/102818"}],"collection":[{"href":"https:\/\/shop.kustom.ch\/fr\/wp-json\/wp\/v2\/product"}],"about":[{"href":"https:\/\/shop.kustom.ch\/fr\/wp-json\/wp\/v2\/types\/product"}],"wp:featuredmedia":[{"embeddable":true,"href":"https:\/\/shop.kustom.ch\/fr\/wp-json\/wp\/v2\/media\/102817"}],"wp:attachment":[{"href":"https:\/\/shop.kustom.ch\/fr\/wp-json\/wp\/v2\/media?parent=102818"}],"wp:term":[{"taxonomy":"product_brand","embeddable":true,"href":"https:\/\/shop.kustom.ch\/fr\/wp-json\/wp\/v2\/product_brand?post=102818"},{"taxonomy":"product_cat","embeddable":true,"href":"https:\/\/shop.kustom.ch\/fr\/wp-json\/wp\/v2\/product_cat?post=102818"},{"taxonomy":"product_tag","embeddable":true,"href":"https:\/\/shop.kustom.ch\/fr\/wp-json\/wp\/v2\/product_tag?post=102818"}],"curies":[{"name":"wp","href":"https:\/\/api.w.org\/{rel}","templated":true}]}}