{"id":102806,"date":"2024-03-20T17:38:14","date_gmt":"2024-03-20T16:38:14","guid":{"rendered":"https:\/\/kustomshop.kinsta.cloud\/produkt\/core-endur-logo-jersey-m\/"},"modified":"2026-03-27T14:46:16","modified_gmt":"2026-03-27T13:46:16","slug":"core-endur-logo-jersey-m","status":"publish","type":"product","link":"https:\/\/shop.kustom.ch\/fr\/produit\/core-endur-logo-jersey-m\/","title":{"rendered":"Core Endur Logo Jersey M"},"content":{"rendered":"<p>Jersey doux pour le cyclisme en polyester recycl\u00e9 stretch pour une excellente \u00e9vacuation de l'humidit\u00e9. Fermeture \u00e9clair sur toute la longueur \u00e0 l'avant, trois poches \u00e0 l'arri\u00e8re et double bande \u00e0 l'arri\u00e8re, \u00e0 la taille, pour un ajustement s\u00fbr.<\/p>\n<p>Mati\u00e8re : polyester 100% - recycl\u00e9<\/p>","protected":false},"excerpt":{"rendered":"<p><span><\/span><\/p>","protected":false},"featured_media":102805,"template":"","meta":[],"product_brand":[],"product_cat":[4201],"product_tag":[],"class_list":{"0":"post-102806","1":"product","2":"type-product","3":"status-publish","4":"has-post-thumbnail","6":"product_cat-t-shirts","7":"pa_brand-craft-retail-sportswear","8":"pa_brand-type-sportswear","9":"pa_filter-color-blau","11":"first","12":"outofstock","13":"sale","14":"taxable","15":"shipping-taxable","16":"purchasable","17":"product-type-variable","18":"add-to-wishlist-before_image"},"exclude_global_add_ons":[],"addons":[],"acf":[],"_links":{"self":[{"href":"https:\/\/shop.kustom.ch\/fr\/wp-json\/wp\/v2\/product\/102806"}],"collection":[{"href":"https:\/\/shop.kustom.ch\/fr\/wp-json\/wp\/v2\/product"}],"about":[{"href":"https:\/\/shop.kustom.ch\/fr\/wp-json\/wp\/v2\/types\/product"}],"wp:featuredmedia":[{"embeddable":true,"href":"https:\/\/shop.kustom.ch\/fr\/wp-json\/wp\/v2\/media\/102805"}],"wp:attachment":[{"href":"https:\/\/shop.kustom.ch\/fr\/wp-json\/wp\/v2\/media?parent=102806"}],"wp:term":[{"taxonomy":"product_brand","embeddable":true,"href":"https:\/\/shop.kustom.ch\/fr\/wp-json\/wp\/v2\/product_brand?post=102806"},{"taxonomy":"product_cat","embeddable":true,"href":"https:\/\/shop.kustom.ch\/fr\/wp-json\/wp\/v2\/product_cat?post=102806"},{"taxonomy":"product_tag","embeddable":true,"href":"https:\/\/shop.kustom.ch\/fr\/wp-json\/wp\/v2\/product_tag?post=102806"}],"curies":[{"name":"wp","href":"https:\/\/api.w.org\/{rel}","templated":true}]}}