{"id":102788,"date":"2024-03-20T17:38:05","date_gmt":"2024-03-20T16:38:05","guid":{"rendered":"https:\/\/kustomshop.kinsta.cloud\/produkt\/adv-endur-hydro-jkt-m\/"},"modified":"2026-03-27T14:00:58","modified_gmt":"2026-03-27T13:00:58","slug":"adv-endur-hydro-jkt-m","status":"publish","type":"product","link":"https:\/\/shop.kustom.ch\/fr\/produit\/adv-endur-hydro-jkt-m\/","title":{"rendered":"Adv Endur Hydro Jkt M"},"content":{"rendered":"<p>Veste coupe-vent l\u00e9g\u00e8re et imperm\u00e9able pour le cyclisme avanc\u00e9 avec des coutures soud\u00e9es, une grande extensibilit\u00e9 et des ouvertures d'a\u00e9ration sous les aisselles et dans le dos.<\/p>\n<p>Mat\u00e9riau : Corps : Face:100% polyester, Dos : 100% polyur\u00e9thane, Doublure du haut du dos du corps : 95% polyester, 5% \u00e9lasthanne<\/p>","protected":false},"excerpt":{"rendered":"<p><span><\/span><\/p>","protected":false},"featured_media":102787,"template":"","meta":[],"product_brand":[],"product_cat":[4186],"product_tag":[],"class_list":{"0":"post-102788","1":"product","2":"type-product","3":"status-publish","4":"has-post-thumbnail","6":"product_cat-jacken","7":"pa_brand-craft-retail-sportswear","8":"pa_brand-type-sportswear","9":"pa_filter-color-blau","11":"first","12":"instock","13":"sale","14":"taxable","15":"shipping-taxable","16":"purchasable","17":"product-type-variable","18":"add-to-wishlist-before_image"},"exclude_global_add_ons":[],"addons":[],"acf":[],"_links":{"self":[{"href":"https:\/\/shop.kustom.ch\/fr\/wp-json\/wp\/v2\/product\/102788"}],"collection":[{"href":"https:\/\/shop.kustom.ch\/fr\/wp-json\/wp\/v2\/product"}],"about":[{"href":"https:\/\/shop.kustom.ch\/fr\/wp-json\/wp\/v2\/types\/product"}],"wp:featuredmedia":[{"embeddable":true,"href":"https:\/\/shop.kustom.ch\/fr\/wp-json\/wp\/v2\/media\/102787"}],"wp:attachment":[{"href":"https:\/\/shop.kustom.ch\/fr\/wp-json\/wp\/v2\/media?parent=102788"}],"wp:term":[{"taxonomy":"product_brand","embeddable":true,"href":"https:\/\/shop.kustom.ch\/fr\/wp-json\/wp\/v2\/product_brand?post=102788"},{"taxonomy":"product_cat","embeddable":true,"href":"https:\/\/shop.kustom.ch\/fr\/wp-json\/wp\/v2\/product_cat?post=102788"},{"taxonomy":"product_tag","embeddable":true,"href":"https:\/\/shop.kustom.ch\/fr\/wp-json\/wp\/v2\/product_tag?post=102788"}],"curies":[{"name":"wp","href":"https:\/\/api.w.org\/{rel}","templated":true}]}}