{"id":102786,"date":"2024-03-20T17:37:16","date_gmt":"2024-03-20T16:37:16","guid":{"rendered":"https:\/\/kustomshop.kinsta.cloud\/produkt\/adv-endur-jersey-m\/"},"modified":"2026-03-27T14:40:54","modified_gmt":"2026-03-27T13:40:54","slug":"adv-endur-jersey-m","status":"publish","type":"product","link":"https:\/\/shop.kustom.ch\/fr\/produit\/adv-endur-jersey-m\/","title":{"rendered":"Adv Endur Jersey M"},"content":{"rendered":"<p>Maillot pour le cyclisme avanc\u00e9 en mat\u00e9riau stretch doux pour une excellente \u00e9vacuation de l'humidit\u00e9 lors d'une pratique intensive du v\u00e9lo. Inserts en mesh avec zones climatiques sp\u00e9ciales pour une ventilation accrue, quatre poches \u00e0 l'arri\u00e8re et rev\u00eatement en silicone \u00e0 l'arri\u00e8re, \u00e0 la taille.<\/p>\n<p>Mat\u00e9riau : Corps avant : 91% polyamide - recycl\u00e9, 9% \u00e9lasthanne, Manches : 91% polyamide - recycl\u00e9, 9% \u00e9lasthanne, Corps arri\u00e8re inf\u00e9rieur : 91% polyamide - recycl\u00e9, 9% \u00e9lasthanne, Corps arri\u00e8re sup\u00e9rieur 100% polyester<\/p>","protected":false},"excerpt":{"rendered":"<p><span><\/span><\/p>","protected":false},"featured_media":102785,"template":"","meta":[],"product_brand":[],"product_cat":[4201],"product_tag":[],"class_list":{"0":"post-102786","1":"product","2":"type-product","3":"status-publish","4":"has-post-thumbnail","6":"product_cat-t-shirts","7":"pa_brand-craft-retail-sportswear","8":"pa_brand-type-sportswear","9":"pa_filter-color-blau","10":"pa_filter-color-gruen","11":"pa_filter-color-orange","13":"first","14":"instock","15":"sale","16":"taxable","17":"shipping-taxable","18":"purchasable","19":"product-type-variable","20":"add-to-wishlist-before_image"},"exclude_global_add_ons":[],"addons":[],"acf":[],"_links":{"self":[{"href":"https:\/\/shop.kustom.ch\/fr\/wp-json\/wp\/v2\/product\/102786"}],"collection":[{"href":"https:\/\/shop.kustom.ch\/fr\/wp-json\/wp\/v2\/product"}],"about":[{"href":"https:\/\/shop.kustom.ch\/fr\/wp-json\/wp\/v2\/types\/product"}],"wp:featuredmedia":[{"embeddable":true,"href":"https:\/\/shop.kustom.ch\/fr\/wp-json\/wp\/v2\/media\/102785"}],"wp:attachment":[{"href":"https:\/\/shop.kustom.ch\/fr\/wp-json\/wp\/v2\/media?parent=102786"}],"wp:term":[{"taxonomy":"product_brand","embeddable":true,"href":"https:\/\/shop.kustom.ch\/fr\/wp-json\/wp\/v2\/product_brand?post=102786"},{"taxonomy":"product_cat","embeddable":true,"href":"https:\/\/shop.kustom.ch\/fr\/wp-json\/wp\/v2\/product_cat?post=102786"},{"taxonomy":"product_tag","embeddable":true,"href":"https:\/\/shop.kustom.ch\/fr\/wp-json\/wp\/v2\/product_tag?post=102786"}],"curies":[{"name":"wp","href":"https:\/\/api.w.org\/{rel}","templated":true}]}}