{"id":102738,"date":"2024-03-20T17:34:15","date_gmt":"2024-03-20T16:34:15","guid":{"rendered":"https:\/\/kustomshop.kinsta.cloud\/produkt\/core-dry-brief-m\/"},"modified":"2026-03-27T15:15:50","modified_gmt":"2026-03-27T14:15:50","slug":"core-dry-brief-m","status":"publish","type":"product","link":"https:\/\/shop.kustom.ch\/fr\/produit\/core-dry-brief-m\/","title":{"rendered":"CORE DRY Lettre M"},"content":{"rendered":"<p>Slip l\u00e9ger et respirant avec une excellente \u00e9vacuation de l'humidit\u00e9 et un grand confort pour l'entra\u00eenement quotidien.<br \/>\n- Respirant<br \/>\n- Finition Wicking pour un excellent transfert d'humidit\u00e9<br \/>\n- ajustement optimal pour un entra\u00eenement intensif<\/p>\n<p>Mati\u00e8re : 87% polyester recycl\u00e9 13% \u00e9lasthanne<\/p>","protected":false},"excerpt":{"rendered":"<p><span><\/span><\/p>","protected":false},"featured_media":102737,"template":"","meta":[],"product_brand":[],"product_cat":[4198,4206],"product_tag":[],"class_list":{"0":"post-102738","1":"product","2":"type-product","3":"status-publish","4":"has-post-thumbnail","6":"product_cat-shorts","7":"product_cat-underwear","8":"pa_brand-craft-retail-sportswear","9":"pa_brand-type-sportswear","10":"pa_filter-color-schwarz","12":"first","13":"outofstock","14":"sale","15":"taxable","16":"shipping-taxable","17":"purchasable","18":"product-type-variable","19":"add-to-wishlist-before_image"},"exclude_global_add_ons":[],"addons":[],"acf":[],"_links":{"self":[{"href":"https:\/\/shop.kustom.ch\/fr\/wp-json\/wp\/v2\/product\/102738"}],"collection":[{"href":"https:\/\/shop.kustom.ch\/fr\/wp-json\/wp\/v2\/product"}],"about":[{"href":"https:\/\/shop.kustom.ch\/fr\/wp-json\/wp\/v2\/types\/product"}],"wp:featuredmedia":[{"embeddable":true,"href":"https:\/\/shop.kustom.ch\/fr\/wp-json\/wp\/v2\/media\/102737"}],"wp:attachment":[{"href":"https:\/\/shop.kustom.ch\/fr\/wp-json\/wp\/v2\/media?parent=102738"}],"wp:term":[{"taxonomy":"product_brand","embeddable":true,"href":"https:\/\/shop.kustom.ch\/fr\/wp-json\/wp\/v2\/product_brand?post=102738"},{"taxonomy":"product_cat","embeddable":true,"href":"https:\/\/shop.kustom.ch\/fr\/wp-json\/wp\/v2\/product_cat?post=102738"},{"taxonomy":"product_tag","embeddable":true,"href":"https:\/\/shop.kustom.ch\/fr\/wp-json\/wp\/v2\/product_tag?post=102738"}],"curies":[{"name":"wp","href":"https:\/\/api.w.org\/{rel}","templated":true}]}}