{"id":102717,"date":"2024-03-20T17:32:14","date_gmt":"2024-03-20T16:32:14","guid":{"rendered":"https:\/\/kustomshop.kinsta.cloud\/produkt\/pro-hypervent-jacket-w\/"},"modified":"2026-03-27T14:17:21","modified_gmt":"2026-03-27T13:17:21","slug":"pro-hypervent-jacket-w","status":"publish","type":"product","link":"https:\/\/shop.kustom.ch\/fr\/produit\/pro-hypervent-jacket-w\/","title":{"rendered":"Veste PRO Hypervent W"},"content":{"rendered":"<p>Veste de course tr\u00e8s respirante pour les professionnels, fabriqu\u00e9e dans un mat\u00e9riau ind\u00e9chirable, super doux et l\u00e9ger pour un entra\u00eenement intensif. Inserts en mesh sur les c\u00f4t\u00e9s pour une respirabilit\u00e9 \u00e9lev\u00e9e, insert dans le dos pour une ventilation accrue et ouverture d'a\u00e9ration zipp\u00e9e au niveau de la poitrine. Se range dans sa propre poche zipp\u00e9e.<\/p>\n<p>mati\u00e8re : 100% polyester<\/p>","protected":false},"excerpt":{"rendered":"<p><span><\/span><\/p>","protected":false},"featured_media":102716,"template":"","meta":[],"product_brand":[],"product_cat":[4186],"product_tag":[],"class_list":{"0":"post-102717","1":"product","2":"type-product","3":"status-publish","4":"has-post-thumbnail","6":"product_cat-jacken","7":"pa_brand-craft-retail-sportswear","8":"pa_brand-type-sportswear","9":"pa_filter-color-blau","10":"pa_filter-color-pink","12":"first","13":"instock","14":"sale","15":"taxable","16":"shipping-taxable","17":"purchasable","18":"product-type-variable","19":"add-to-wishlist-before_image"},"exclude_global_add_ons":[],"addons":[],"acf":[],"_links":{"self":[{"href":"https:\/\/shop.kustom.ch\/fr\/wp-json\/wp\/v2\/product\/102717"}],"collection":[{"href":"https:\/\/shop.kustom.ch\/fr\/wp-json\/wp\/v2\/product"}],"about":[{"href":"https:\/\/shop.kustom.ch\/fr\/wp-json\/wp\/v2\/types\/product"}],"wp:featuredmedia":[{"embeddable":true,"href":"https:\/\/shop.kustom.ch\/fr\/wp-json\/wp\/v2\/media\/102716"}],"wp:attachment":[{"href":"https:\/\/shop.kustom.ch\/fr\/wp-json\/wp\/v2\/media?parent=102717"}],"wp:term":[{"taxonomy":"product_brand","embeddable":true,"href":"https:\/\/shop.kustom.ch\/fr\/wp-json\/wp\/v2\/product_brand?post=102717"},{"taxonomy":"product_cat","embeddable":true,"href":"https:\/\/shop.kustom.ch\/fr\/wp-json\/wp\/v2\/product_cat?post=102717"},{"taxonomy":"product_tag","embeddable":true,"href":"https:\/\/shop.kustom.ch\/fr\/wp-json\/wp\/v2\/product_tag?post=102717"}],"curies":[{"name":"wp","href":"https:\/\/api.w.org\/{rel}","templated":true}]}}