{"id":102712,"date":"2024-03-20T17:31:56","date_gmt":"2024-03-20T16:31:56","guid":{"rendered":"https:\/\/kustomshop.kinsta.cloud\/produkt\/pro-hypervent-cap\/"},"modified":"2026-03-27T14:29:28","modified_gmt":"2026-03-27T13:29:28","slug":"pro-hypervent-cap","status":"publish","type":"product","link":"https:\/\/shop.kustom.ch\/fr\/produit\/pro-hypervent-cap\/","title":{"rendered":"PRO Hypervent Cap"},"content":{"rendered":"<p>Casquette de v\u00e9lo de course tr\u00e8s respirante pour les professionnels avec du mesh sur le dessus et les c\u00f4t\u00e9s pour un excellent effet rafra\u00eechissant et une visi\u00e8re courb\u00e9e pour une protection optimale contre le soleil. Cordon de serrage \u00e9lastique \u00e0 l'arri\u00e8re pour un ajustement personnalis\u00e9.<\/p>\n<p>mati\u00e8re : 100% polyester<\/p>","protected":false},"excerpt":{"rendered":"<p><span><\/span><\/p>","protected":false},"featured_media":70774,"template":"","meta":[],"product_brand":[],"product_cat":[9643,4177],"product_tag":[],"class_list":{"0":"post-102712","1":"product","2":"type-product","3":"status-publish","4":"has-post-thumbnail","6":"product_cat-equipment","7":"product_cat-caps-muetzen","8":"pa_brand-craft-retail-sportswear","9":"pa_brand-type-sportswear","10":"pa_filter-color-blau","11":"pa_filter-color-schwarz","13":"first","14":"instock","15":"sale","16":"taxable","17":"shipping-taxable","18":"purchasable","19":"product-type-variable","20":"add-to-wishlist-before_image"},"exclude_global_add_ons":[],"addons":[],"acf":[],"_links":{"self":[{"href":"https:\/\/shop.kustom.ch\/fr\/wp-json\/wp\/v2\/product\/102712"}],"collection":[{"href":"https:\/\/shop.kustom.ch\/fr\/wp-json\/wp\/v2\/product"}],"about":[{"href":"https:\/\/shop.kustom.ch\/fr\/wp-json\/wp\/v2\/types\/product"}],"wp:featuredmedia":[{"embeddable":true,"href":"https:\/\/shop.kustom.ch\/fr\/wp-json\/wp\/v2\/media\/70774"}],"wp:attachment":[{"href":"https:\/\/shop.kustom.ch\/fr\/wp-json\/wp\/v2\/media?parent=102712"}],"wp:term":[{"taxonomy":"product_brand","embeddable":true,"href":"https:\/\/shop.kustom.ch\/fr\/wp-json\/wp\/v2\/product_brand?post=102712"},{"taxonomy":"product_cat","embeddable":true,"href":"https:\/\/shop.kustom.ch\/fr\/wp-json\/wp\/v2\/product_cat?post=102712"},{"taxonomy":"product_tag","embeddable":true,"href":"https:\/\/shop.kustom.ch\/fr\/wp-json\/wp\/v2\/product_tag?post=102712"}],"curies":[{"name":"wp","href":"https:\/\/api.w.org\/{rel}","templated":true}]}}