{"id":102627,"date":"2024-03-20T17:30:08","date_gmt":"2024-03-20T16:30:08","guid":{"rendered":"https:\/\/kustomshop.kinsta.cloud\/produkt\/core-explore-pants-m\/"},"modified":"2026-03-27T15:04:10","modified_gmt":"2026-03-27T14:04:10","slug":"core-explore-pants-m","status":"publish","type":"product","link":"https:\/\/shop.kustom.ch\/fr\/produit\/core-explore-pants-m\/","title":{"rendered":"CORE Explore Pants M"},"content":{"rendered":"<p>Pantalon polyvalent et extensible, adapt\u00e9 \u00e0 la plupart des activit\u00e9s de plein air. Le pantalon a une taille r\u00e9glable pour un ajustement parfait, des passants de ceinture et plusieurs poches.<\/p>\n<p>- Mat\u00e9riau fonctionnel et \u00e9lastique<br \/>\n-fermeture velcro \u00e0 la taille pour un ajustement parfait<br \/>\n-poches de ceinture \u00e0 la taille<br \/>\n-Deux poches sur les c\u00f4t\u00e9s<br \/>\n-poche sur la jambe avec pli pour un grand espace de rangement avec fermeture velcro<br \/>\n-poche arri\u00e8re avec fermeture \u00e9clair<br \/>\n-Coupe normale<\/p>\n<p>Mati\u00e8re : 92% polyester recycl\u00e9 8% \u00e9lasthanne<\/p>","protected":false},"excerpt":{"rendered":"<p><span><\/span><\/p>","protected":false},"featured_media":102626,"template":"","meta":[],"product_brand":[],"product_cat":[4185],"product_tag":[],"class_list":{"0":"post-102627","1":"product","2":"type-product","3":"status-publish","4":"has-post-thumbnail","6":"product_cat-hosen","7":"pa_brand-craft-retail-sportswear","8":"pa_brand-type-sportswear","9":"pa_filter-color-schwarz","11":"first","12":"instock","13":"sale","14":"taxable","15":"shipping-taxable","16":"purchasable","17":"product-type-variable","18":"add-to-wishlist-before_image"},"exclude_global_add_ons":[],"addons":[],"acf":[],"_links":{"self":[{"href":"https:\/\/shop.kustom.ch\/fr\/wp-json\/wp\/v2\/product\/102627"}],"collection":[{"href":"https:\/\/shop.kustom.ch\/fr\/wp-json\/wp\/v2\/product"}],"about":[{"href":"https:\/\/shop.kustom.ch\/fr\/wp-json\/wp\/v2\/types\/product"}],"wp:featuredmedia":[{"embeddable":true,"href":"https:\/\/shop.kustom.ch\/fr\/wp-json\/wp\/v2\/media\/102626"}],"wp:attachment":[{"href":"https:\/\/shop.kustom.ch\/fr\/wp-json\/wp\/v2\/media?parent=102627"}],"wp:term":[{"taxonomy":"product_brand","embeddable":true,"href":"https:\/\/shop.kustom.ch\/fr\/wp-json\/wp\/v2\/product_brand?post=102627"},{"taxonomy":"product_cat","embeddable":true,"href":"https:\/\/shop.kustom.ch\/fr\/wp-json\/wp\/v2\/product_cat?post=102627"},{"taxonomy":"product_tag","embeddable":true,"href":"https:\/\/shop.kustom.ch\/fr\/wp-json\/wp\/v2\/product_tag?post=102627"}],"curies":[{"name":"wp","href":"https:\/\/api.w.org\/{rel}","templated":true}]}}