{"id":102594,"date":"2024-03-20T17:29:43","date_gmt":"2024-03-20T16:29:43","guid":{"rendered":"https:\/\/kustomshop.kinsta.cloud\/produkt\/adv-explore-light-midlayer-m\/"},"modified":"2026-03-27T15:29:35","modified_gmt":"2026-03-27T14:29:35","slug":"adv-explore-light-midlayer-m","status":"publish","type":"product","link":"https:\/\/shop.kustom.ch\/fr\/produit\/adv-explore-light-midlayer-m\/","title":{"rendered":"ADV Explore Light Midlayer M"},"content":{"rendered":"<p>Midlayer l\u00e9ger en mat\u00e9riau fin, \u00e9lastique et fonctionnel. Offre une excellente gestion de la temp\u00e9rature, convient \u00e0 la plupart des activit\u00e9s de plein air.<br \/>\n- Mat\u00e9riau l\u00e9ger, \u00e9lastique et fonctionnel<br \/>\n- poche de poitrine avec fermeture \u00e0 glissi\u00e8re<br \/>\n- fermeture \u00e9clair sur toute la longueur \u00e0 l'avant avec protection du menton<br \/>\n- Ouvertures pour les pouces aux poignets<\/p>\n<p>Mati\u00e8re : 89% polyester recycl\u00e9 11%Elasthanne<\/p>","protected":false},"excerpt":{"rendered":"<p><span><\/span><\/p>","protected":false},"featured_media":102593,"template":"","meta":[],"product_brand":[],"product_cat":[4191],"product_tag":[],"class_list":{"0":"post-102594","1":"product","2":"type-product","3":"status-publish","4":"has-post-thumbnail","6":"product_cat-longsleeves-sweatshirts","7":"pa_brand-craft-retail-sportswear","8":"pa_brand-type-sportswear","9":"pa_filter-color-blau","10":"pa_filter-color-gruen","11":"pa_filter-color-orange","12":"pa_filter-color-schwarz","14":"first","15":"instock","16":"sale","17":"taxable","18":"shipping-taxable","19":"purchasable","20":"product-type-variable","21":"add-to-wishlist-before_image"},"exclude_global_add_ons":[],"addons":[],"acf":[],"_links":{"self":[{"href":"https:\/\/shop.kustom.ch\/fr\/wp-json\/wp\/v2\/product\/102594"}],"collection":[{"href":"https:\/\/shop.kustom.ch\/fr\/wp-json\/wp\/v2\/product"}],"about":[{"href":"https:\/\/shop.kustom.ch\/fr\/wp-json\/wp\/v2\/types\/product"}],"wp:featuredmedia":[{"embeddable":true,"href":"https:\/\/shop.kustom.ch\/fr\/wp-json\/wp\/v2\/media\/102593"}],"wp:attachment":[{"href":"https:\/\/shop.kustom.ch\/fr\/wp-json\/wp\/v2\/media?parent=102594"}],"wp:term":[{"taxonomy":"product_brand","embeddable":true,"href":"https:\/\/shop.kustom.ch\/fr\/wp-json\/wp\/v2\/product_brand?post=102594"},{"taxonomy":"product_cat","embeddable":true,"href":"https:\/\/shop.kustom.ch\/fr\/wp-json\/wp\/v2\/product_cat?post=102594"},{"taxonomy":"product_tag","embeddable":true,"href":"https:\/\/shop.kustom.ch\/fr\/wp-json\/wp\/v2\/product_tag?post=102594"}],"curies":[{"name":"wp","href":"https:\/\/api.w.org\/{rel}","templated":true}]}}