{"id":102532,"date":"2024-03-20T17:29:10","date_gmt":"2024-03-20T16:29:10","guid":{"rendered":"https:\/\/kustomshop.kinsta.cloud\/produkt\/adv-explore-fleece-midlayer-m\/"},"modified":"2026-03-27T15:30:00","modified_gmt":"2026-03-27T14:30:00","slug":"adv-explore-fleece-midlayer-m","status":"publish","type":"product","link":"https:\/\/shop.kustom.ch\/fr\/produit\/adv-explore-fleece-midlayer-m\/","title":{"rendered":"ADV Explore Fleece Midlayer M"},"content":{"rendered":"<p>Avec sa polaire douce et bross\u00e9e et ses coupes sportives, cette veste mid-layer avanc\u00e9e est le choix parfait pour les aventures en plein air et l'utilisation quotidienne. Trou de pouce sur les manches pour un confort suppl\u00e9mentaire.<br \/>\n- Mati\u00e8re polaire douce et bross\u00e9e<br \/>\n- trou pour le pouce aux extr\u00e9mit\u00e9s des manches<br \/>\n- Poches lat\u00e9rales avec fermeture \u00e9clair<br \/>\n- poche poitrine avec fermeture \u00e9clair<br \/>\n- D\u00e9tails r\u00e9fl\u00e9chissants<br \/>\n- Logo Craft sur la poitrine<br \/>\n- coupe r\u00e9guli\u00e8re<\/p>\n<p>Mati\u00e8re : 100% polyester recycl\u00e9<\/p>","protected":false},"excerpt":{"rendered":"<p><span><\/span><\/p>","protected":false},"featured_media":102531,"template":"","meta":[],"product_brand":[],"product_cat":[4184],"product_tag":[],"class_list":{"0":"post-102532","1":"product","2":"type-product","3":"status-publish","4":"has-post-thumbnail","6":"product_cat-hoodies-pullover","7":"pa_brand-craft-retail-sportswear","8":"pa_brand-type-sportswear","9":"pa_filter-color-blau","10":"pa_filter-color-grau","11":"pa_filter-color-gruen","12":"pa_filter-color-schwarz","14":"first","15":"instock","16":"sale","17":"taxable","18":"shipping-taxable","19":"purchasable","20":"product-type-variable","21":"add-to-wishlist-before_image"},"exclude_global_add_ons":[],"addons":[],"acf":[],"_links":{"self":[{"href":"https:\/\/shop.kustom.ch\/fr\/wp-json\/wp\/v2\/product\/102532"}],"collection":[{"href":"https:\/\/shop.kustom.ch\/fr\/wp-json\/wp\/v2\/product"}],"about":[{"href":"https:\/\/shop.kustom.ch\/fr\/wp-json\/wp\/v2\/types\/product"}],"wp:featuredmedia":[{"embeddable":true,"href":"https:\/\/shop.kustom.ch\/fr\/wp-json\/wp\/v2\/media\/102531"}],"wp:attachment":[{"href":"https:\/\/shop.kustom.ch\/fr\/wp-json\/wp\/v2\/media?parent=102532"}],"wp:term":[{"taxonomy":"product_brand","embeddable":true,"href":"https:\/\/shop.kustom.ch\/fr\/wp-json\/wp\/v2\/product_brand?post=102532"},{"taxonomy":"product_cat","embeddable":true,"href":"https:\/\/shop.kustom.ch\/fr\/wp-json\/wp\/v2\/product_cat?post=102532"},{"taxonomy":"product_tag","embeddable":true,"href":"https:\/\/shop.kustom.ch\/fr\/wp-json\/wp\/v2\/product_tag?post=102532"}],"curies":[{"name":"wp","href":"https:\/\/api.w.org\/{rel}","templated":true}]}}