{"id":102517,"date":"2024-03-20T17:29:03","date_gmt":"2024-03-20T16:29:03","guid":{"rendered":"https:\/\/kustomshop.kinsta.cloud\/produkt\/adv-explore-tech-shorts-w\/"},"modified":"2026-03-27T15:08:33","modified_gmt":"2026-03-27T14:08:33","slug":"adv-explore-tech-shorts-w","status":"publish","type":"product","link":"https:\/\/shop.kustom.ch\/fr\/produit\/adv-explore-tech-shorts-w\/","title":{"rendered":"Short ADV Explore Tech W"},"content":{"rendered":"<p>Short outdoor innovant en tissu stretch 4 directions avec un int\u00e9rieur doux pour une libert\u00e9 de mouvement et un confort optimaux. Passants de ceinture et nombreuses poches avec fermeture \u00e9clair.<\/p>\n<p>- stretch 4 directions pour une libert\u00e9 de mouvement optimale<br \/>\n- Deux poches sur les cuisses avec fermeture \u00e9clair<br \/>\n- ceinture r\u00e9glable par velcro<br \/>\n- Poche arri\u00e8re avec fermeture \u00e9clair<br \/>\n- Passants de ceinture<br \/>\n- fermeture par bouton-pression<\/p>\n<p>Mati\u00e8re : 92% polyamide 8% \u00e9lasthanne<\/p>","protected":false},"excerpt":{"rendered":"<p><span><\/span><\/p>","protected":false},"featured_media":102516,"template":"","meta":[],"product_brand":[],"product_cat":[4198],"product_tag":[],"class_list":{"0":"post-102517","1":"product","2":"type-product","3":"status-publish","4":"has-post-thumbnail","6":"product_cat-shorts","7":"pa_brand-craft-retail-sportswear","8":"pa_brand-type-sportswear","9":"pa_filter-color-grau","10":"pa_filter-color-schwarz","12":"first","13":"instock","14":"sale","15":"taxable","16":"shipping-taxable","17":"purchasable","18":"product-type-variable","19":"add-to-wishlist-before_image"},"exclude_global_add_ons":[],"addons":[],"acf":[],"_links":{"self":[{"href":"https:\/\/shop.kustom.ch\/fr\/wp-json\/wp\/v2\/product\/102517"}],"collection":[{"href":"https:\/\/shop.kustom.ch\/fr\/wp-json\/wp\/v2\/product"}],"about":[{"href":"https:\/\/shop.kustom.ch\/fr\/wp-json\/wp\/v2\/types\/product"}],"wp:featuredmedia":[{"embeddable":true,"href":"https:\/\/shop.kustom.ch\/fr\/wp-json\/wp\/v2\/media\/102516"}],"wp:attachment":[{"href":"https:\/\/shop.kustom.ch\/fr\/wp-json\/wp\/v2\/media?parent=102517"}],"wp:term":[{"taxonomy":"product_brand","embeddable":true,"href":"https:\/\/shop.kustom.ch\/fr\/wp-json\/wp\/v2\/product_brand?post=102517"},{"taxonomy":"product_cat","embeddable":true,"href":"https:\/\/shop.kustom.ch\/fr\/wp-json\/wp\/v2\/product_cat?post=102517"},{"taxonomy":"product_tag","embeddable":true,"href":"https:\/\/shop.kustom.ch\/fr\/wp-json\/wp\/v2\/product_tag?post=102517"}],"curies":[{"name":"wp","href":"https:\/\/api.w.org\/{rel}","templated":true}]}}