{"id":102504,"date":"2024-03-20T17:28:58","date_gmt":"2024-03-20T16:28:58","guid":{"rendered":"https:\/\/kustomshop.kinsta.cloud\/produkt\/adv-explore-tech-shorts-m\/"},"modified":"2026-03-27T15:06:56","modified_gmt":"2026-03-27T14:06:56","slug":"adv-explore-tech-shorts-m","status":"publish","type":"product","link":"https:\/\/shop.kustom.ch\/fr\/produit\/adv-explore-tech-shorts-m\/","title":{"rendered":"Short ADV Explore Tech M"},"content":{"rendered":"<p>Short outdoor innovant en tissu stretch 4 directions avec un int\u00e9rieur doux pour une libert\u00e9 de mouvement et un confort optimaux. Genoux pr\u00e9form\u00e9s, taille r\u00e9glable, passants pour ceinture et nombreuses poches avec fermeture \u00e9clair.<br \/>\n- Mat\u00e9riau stretch doux 4 directions avec int\u00e9rieur doux<br \/>\n-Deux poches lat\u00e9rales avec fermeture \u00e9clair<br \/>\n-poche sur la jambe avec fermeture \u00e9clair<br \/>\n-Ceinture ajustable avec velcro et bande \u00e9lastique<br \/>\n-poche arri\u00e8re avec fermeture \u00e9clair<br \/>\n-poches de ceinture \u00e0 la taille<br \/>\n-Logo Craft sur la hanche gauche et logo \u00e0 six points sur la poche de ceinture \u00e0 l'arri\u00e8re<br \/>\n-bouton-pression avec logo Craft \u00e0 la taille<\/p>\n<p>Mati\u00e8re : 92% polyamide 8% \u00e9lasthanne<\/p>","protected":false},"excerpt":{"rendered":"<p><span><\/span><\/p>","protected":false},"featured_media":102503,"template":"","meta":[],"product_brand":[],"product_cat":[4198],"product_tag":[],"class_list":{"0":"post-102504","1":"product","2":"type-product","3":"status-publish","4":"has-post-thumbnail","6":"product_cat-shorts","7":"pa_brand-craft-retail-sportswear","8":"pa_brand-type-sportswear","9":"pa_filter-color-grau","10":"pa_filter-color-schwarz","12":"first","13":"instock","14":"sale","15":"taxable","16":"shipping-taxable","17":"purchasable","18":"product-type-variable","19":"add-to-wishlist-before_image"},"exclude_global_add_ons":[],"addons":[],"acf":[],"_links":{"self":[{"href":"https:\/\/shop.kustom.ch\/fr\/wp-json\/wp\/v2\/product\/102504"}],"collection":[{"href":"https:\/\/shop.kustom.ch\/fr\/wp-json\/wp\/v2\/product"}],"about":[{"href":"https:\/\/shop.kustom.ch\/fr\/wp-json\/wp\/v2\/types\/product"}],"wp:featuredmedia":[{"embeddable":true,"href":"https:\/\/shop.kustom.ch\/fr\/wp-json\/wp\/v2\/media\/102503"}],"wp:attachment":[{"href":"https:\/\/shop.kustom.ch\/fr\/wp-json\/wp\/v2\/media?parent=102504"}],"wp:term":[{"taxonomy":"product_brand","embeddable":true,"href":"https:\/\/shop.kustom.ch\/fr\/wp-json\/wp\/v2\/product_brand?post=102504"},{"taxonomy":"product_cat","embeddable":true,"href":"https:\/\/shop.kustom.ch\/fr\/wp-json\/wp\/v2\/product_cat?post=102504"},{"taxonomy":"product_tag","embeddable":true,"href":"https:\/\/shop.kustom.ch\/fr\/wp-json\/wp\/v2\/product_tag?post=102504"}],"curies":[{"name":"wp","href":"https:\/\/api.w.org\/{rel}","templated":true}]}}