{"id":102492,"date":"2024-03-20T17:27:19","date_gmt":"2024-03-20T16:27:19","guid":{"rendered":"https:\/\/kustomshop.kinsta.cloud\/produkt\/adv-seamless-polo-shirt-m\/"},"modified":"2026-03-27T15:21:06","modified_gmt":"2026-03-27T14:21:06","slug":"adv-seamless-polo-shirt-m","status":"publish","type":"product","link":"https:\/\/shop.kustom.ch\/fr\/produit\/adv-seamless-polo-shirt-m\/","title":{"rendered":"ADV Seamless Polo Shirt M"},"content":{"rendered":"<p>ADV Seamless Polo Shirt est un polo doux qui ajoute une touche sportive \u00e0 votre logo. Le polyester doux avec une finition sans couture sur les c\u00f4t\u00e9s offre un grand confort et un tissu plus fin aux endroits les plus chauds assure une ventilation suppl\u00e9mentaire.<br \/>\n- Mati\u00e8re polyester douce<br \/>\n- Patte de boutonnage avec trois boutons<br \/>\n- Logo Craft imprim\u00e9 sur la manche et logo \u00e0 six points dans le dos<br \/>\n- Coupe normale<\/p>\n<p>Mati\u00e8re : 45% polyester recycl\u00e9, 30% polyester, 25% polyamide<\/p>","protected":false},"excerpt":{"rendered":"<p><span><\/span><\/p>","protected":false},"featured_media":102491,"template":"","meta":[],"product_brand":[],"product_cat":[4193],"product_tag":[],"class_list":{"0":"post-102492","1":"product","2":"type-product","3":"status-publish","4":"has-post-thumbnail","6":"product_cat-polos","7":"pa_brand-craft-retail-sportswear","8":"pa_brand-type-sportswear","9":"pa_filter-color-blau","10":"pa_filter-color-schwarz","12":"first","13":"instock","14":"sale","15":"taxable","16":"shipping-taxable","17":"purchasable","18":"product-type-variable","19":"add-to-wishlist-before_image"},"exclude_global_add_ons":[],"addons":[],"acf":[],"_links":{"self":[{"href":"https:\/\/shop.kustom.ch\/fr\/wp-json\/wp\/v2\/product\/102492"}],"collection":[{"href":"https:\/\/shop.kustom.ch\/fr\/wp-json\/wp\/v2\/product"}],"about":[{"href":"https:\/\/shop.kustom.ch\/fr\/wp-json\/wp\/v2\/types\/product"}],"wp:featuredmedia":[{"embeddable":true,"href":"https:\/\/shop.kustom.ch\/fr\/wp-json\/wp\/v2\/media\/102491"}],"wp:attachment":[{"href":"https:\/\/shop.kustom.ch\/fr\/wp-json\/wp\/v2\/media?parent=102492"}],"wp:term":[{"taxonomy":"product_brand","embeddable":true,"href":"https:\/\/shop.kustom.ch\/fr\/wp-json\/wp\/v2\/product_brand?post=102492"},{"taxonomy":"product_cat","embeddable":true,"href":"https:\/\/shop.kustom.ch\/fr\/wp-json\/wp\/v2\/product_cat?post=102492"},{"taxonomy":"product_tag","embeddable":true,"href":"https:\/\/shop.kustom.ch\/fr\/wp-json\/wp\/v2\/product_tag?post=102492"}],"curies":[{"name":"wp","href":"https:\/\/api.w.org\/{rel}","templated":true}]}}