{"id":102461,"date":"2024-03-20T17:26:42","date_gmt":"2024-03-20T16:26:42","guid":{"rendered":"https:\/\/kustomshop.kinsta.cloud\/produkt\/progress-2-0-shorts-jr\/"},"modified":"2026-03-27T14:34:26","modified_gmt":"2026-03-27T13:34:26","slug":"progress-2-0-shorts-jr","status":"publish","type":"product","link":"https:\/\/shop.kustom.ch\/fr\/produit\/progress-2-0-shorts-jr\/","title":{"rendered":"Short Progress 2.0 JR"},"content":{"rendered":"<p>Les shorts Progress 2.0 sont des shorts de comp\u00e9tition avanc\u00e9s en mati\u00e8re stretch l\u00e9g\u00e8re et avec une \u00e9vacuation accrue de l'humidit\u00e9 pour des performances maximales. Le short pr\u00e9sente un design classique et uni, et la taille \u00e9lastique avec cordon de serrage assure un maintien optimal.Le polyester recycl\u00e9 r\u00e9duit l'empreinte \u00e9cologique<\/p>\n<p>- Design classique et uni<br \/>\n- col et bas des manches contrast\u00e9s<br \/>\n- Mat\u00e9riau l\u00e9ger et fonctionnel<br \/>\n- Mesh sous les aisselles pour une meilleure ventilation<br \/>\n- Col int\u00e9rieur c\u00f4tel\u00e9 et extr\u00e9mit\u00e9s des manches c\u00f4tel\u00e9es<br \/>\n- Le polyester recycl\u00e9 r\u00e9duit l'empreinte \u00e9cologique<\/p>\n<p>Mat\u00e9riau : 100% polyester recycl\u00e9<\/p>","protected":false},"excerpt":{"rendered":"<p><span><\/span><\/p>","protected":false},"featured_media":102460,"template":"","meta":[],"product_brand":[],"product_cat":[4198],"product_tag":[],"class_list":{"0":"post-102461","1":"product","2":"type-product","3":"status-publish","4":"has-post-thumbnail","6":"product_cat-shorts","7":"pa_brand-craft-teamwear","8":"pa_brand-type-sportswear","9":"pa_filter-color-blau","10":"pa_filter-color-grau","11":"pa_filter-color-gruen","12":"pa_filter-color-rot","13":"pa_filter-color-schwarz","14":"pa_filter-color-violet","15":"pa_filter-color-weiss","17":"first","18":"instock","19":"sale","20":"taxable","21":"shipping-taxable","22":"purchasable","23":"product-type-variable","24":"add-to-wishlist-before_image"},"exclude_global_add_ons":[],"addons":[],"acf":[],"_links":{"self":[{"href":"https:\/\/shop.kustom.ch\/fr\/wp-json\/wp\/v2\/product\/102461"}],"collection":[{"href":"https:\/\/shop.kustom.ch\/fr\/wp-json\/wp\/v2\/product"}],"about":[{"href":"https:\/\/shop.kustom.ch\/fr\/wp-json\/wp\/v2\/types\/product"}],"wp:featuredmedia":[{"embeddable":true,"href":"https:\/\/shop.kustom.ch\/fr\/wp-json\/wp\/v2\/media\/102460"}],"wp:attachment":[{"href":"https:\/\/shop.kustom.ch\/fr\/wp-json\/wp\/v2\/media?parent=102461"}],"wp:term":[{"taxonomy":"product_brand","embeddable":true,"href":"https:\/\/shop.kustom.ch\/fr\/wp-json\/wp\/v2\/product_brand?post=102461"},{"taxonomy":"product_cat","embeddable":true,"href":"https:\/\/shop.kustom.ch\/fr\/wp-json\/wp\/v2\/product_cat?post=102461"},{"taxonomy":"product_tag","embeddable":true,"href":"https:\/\/shop.kustom.ch\/fr\/wp-json\/wp\/v2\/product_tag?post=102461"}],"curies":[{"name":"wp","href":"https:\/\/api.w.org\/{rel}","templated":true}]}}