{"id":102270,"date":"2024-03-20T17:25:54","date_gmt":"2024-03-20T16:25:54","guid":{"rendered":"https:\/\/kustomshop.kinsta.cloud\/produkt\/progress-2-0-graphic-jersey-jr\/"},"modified":"2026-03-27T14:57:51","modified_gmt":"2026-03-27T13:57:51","slug":"progress-2-0-graphic-jersey-jr","status":"publish","type":"product","link":"https:\/\/shop.kustom.ch\/fr\/produit\/progress-2-0-graphic-jersey-jr\/","title":{"rendered":"Progress 2.0 Graphic Jersey JR"},"content":{"rendered":"<p>Le Progress 2.0 Graphic Jersey est un maillot de comp\u00e9tition avanc\u00e9 en mati\u00e8re stretch l\u00e9g\u00e8re et avec une \u00e9vacuation accrue de l'humidit\u00e9 pour des performances maximales. Il dispose d'un motif graphique sur le devant et d'un dos uni. Les inserts en mesh sous les aisselles permettent une gestion efficace de la temp\u00e9rature corporelle et l'\u00e9lasticit\u00e9 \u00e9lev\u00e9e assure une tenue parfaite et une libert\u00e9 de mouvement illimit\u00e9e. Id\u00e9al pour les matchs \u00e0 l'ext\u00e9rieur.<br \/>\n- Motif graphique \u00e0 l'avant, dos uni<br \/>\n-Mat\u00e9riaux l\u00e9gers et fonctionnels<br \/>\n-Mesh sous les aisselles pour une meilleure ventilation<br \/>\n-Col int\u00e9rieur c\u00f4tel\u00e9 et extr\u00e9mit\u00e9s des manches c\u00f4tel\u00e9es<br \/>\n-+BQ4<\/p>\n<p>Mat\u00e9riau : 100% polyester recycl\u00e9<\/p>","protected":false},"excerpt":{"rendered":"<p><span><\/span><\/p>","protected":false},"featured_media":102269,"template":"","meta":[],"product_brand":[],"product_cat":[4201],"product_tag":[],"class_list":{"0":"post-102270","1":"product","2":"type-product","3":"status-publish","4":"has-post-thumbnail","6":"product_cat-t-shirts","7":"pa_brand-craft-teamwear","8":"pa_brand-type-sportswear","9":"pa_filter-color-blau","10":"pa_filter-color-gelb","11":"pa_filter-color-gruen","12":"pa_filter-color-orange","13":"pa_filter-color-rot","14":"pa_filter-color-schwarz","15":"pa_filter-color-weiss","17":"first","18":"instock","19":"sale","20":"taxable","21":"shipping-taxable","22":"purchasable","23":"product-type-variable","24":"add-to-wishlist-before_image"},"exclude_global_add_ons":[],"addons":[],"acf":[],"_links":{"self":[{"href":"https:\/\/shop.kustom.ch\/fr\/wp-json\/wp\/v2\/product\/102270"}],"collection":[{"href":"https:\/\/shop.kustom.ch\/fr\/wp-json\/wp\/v2\/product"}],"about":[{"href":"https:\/\/shop.kustom.ch\/fr\/wp-json\/wp\/v2\/types\/product"}],"wp:featuredmedia":[{"embeddable":true,"href":"https:\/\/shop.kustom.ch\/fr\/wp-json\/wp\/v2\/media\/102269"}],"wp:attachment":[{"href":"https:\/\/shop.kustom.ch\/fr\/wp-json\/wp\/v2\/media?parent=102270"}],"wp:term":[{"taxonomy":"product_brand","embeddable":true,"href":"https:\/\/shop.kustom.ch\/fr\/wp-json\/wp\/v2\/product_brand?post=102270"},{"taxonomy":"product_cat","embeddable":true,"href":"https:\/\/shop.kustom.ch\/fr\/wp-json\/wp\/v2\/product_cat?post=102270"},{"taxonomy":"product_tag","embeddable":true,"href":"https:\/\/shop.kustom.ch\/fr\/wp-json\/wp\/v2\/product_tag?post=102270"}],"curies":[{"name":"wp","href":"https:\/\/api.w.org\/{rel}","templated":true}]}}