{"id":102012,"date":"2024-03-20T17:24:50","date_gmt":"2024-03-20T16:24:50","guid":{"rendered":"https:\/\/kustomshop.kinsta.cloud\/produkt\/progress-2-0-stripe-jersey-jr\/"},"modified":"2026-03-27T15:04:07","modified_gmt":"2026-03-27T14:04:07","slug":"progress-2-0-stripe-jersey-jr","status":"publish","type":"product","link":"https:\/\/shop.kustom.ch\/fr\/produit\/progress-2-0-stripe-jersey-jr\/","title":{"rendered":"Progress 2.0 Stripe Jersey JR"},"content":{"rendered":"<p>Le Progress 2.0 Stripe Jersey est un maillot de comp\u00e9tition de niveau avanc\u00e9 en mati\u00e8re stretch fonctionnelle et avec une \u00e9vacuation accrue de l'humidit\u00e9 pour des performances maximales. Il est dot\u00e9 d'un motif \u00e0 rayures verticales sur le devant, d'un dos uni et d'une bande horizontale unie sur le torse pour un effet optimal de l'inscription et\/ou du logo imprim\u00e9. En outre, des inserts en mesh sous les aisselles permettent une gestion efficace de la temp\u00e9rature corporelle et la grande \u00e9lasticit\u00e9 assure un confort agr\u00e9able et une libert\u00e9 de mouvement optimale. Le polyester recycl\u00e9 r\u00e9duit l'empreinte \u00e9cologique.<br \/>\n- Motif \u00e0 rayures sur le devant, dos uni et insert horizontal uni sur la poitrine<br \/>\n-Mat\u00e9riaux l\u00e9gers et fonctionnels<br \/>\n-Mesh sous les aisselles pour une meilleure ventilation<br \/>\n-col et bouts de manches c\u00f4tel\u00e9s<br \/>\n-+BQ4<\/p>\n<p>Mat\u00e9riau : 100% polyester recycl\u00e9<\/p>","protected":false},"excerpt":{"rendered":"<p><span><\/span><\/p>","protected":false},"featured_media":102011,"template":"","meta":[],"product_brand":[],"product_cat":[4201],"product_tag":[],"class_list":{"0":"post-102012","1":"product","2":"type-product","3":"status-publish","4":"has-post-thumbnail","6":"product_cat-t-shirts","7":"pa_brand-craft-teamwear","8":"pa_brand-type-sportswear","9":"pa_filter-color-blau","10":"pa_filter-color-gelb","11":"pa_filter-color-gruen","12":"pa_filter-color-rot","13":"pa_filter-color-schwarz","14":"pa_filter-color-weiss","16":"first","17":"instock","18":"sale","19":"taxable","20":"shipping-taxable","21":"purchasable","22":"product-type-variable","23":"add-to-wishlist-before_image"},"exclude_global_add_ons":[],"addons":[],"acf":[],"_links":{"self":[{"href":"https:\/\/shop.kustom.ch\/fr\/wp-json\/wp\/v2\/product\/102012"}],"collection":[{"href":"https:\/\/shop.kustom.ch\/fr\/wp-json\/wp\/v2\/product"}],"about":[{"href":"https:\/\/shop.kustom.ch\/fr\/wp-json\/wp\/v2\/types\/product"}],"wp:featuredmedia":[{"embeddable":true,"href":"https:\/\/shop.kustom.ch\/fr\/wp-json\/wp\/v2\/media\/102011"}],"wp:attachment":[{"href":"https:\/\/shop.kustom.ch\/fr\/wp-json\/wp\/v2\/media?parent=102012"}],"wp:term":[{"taxonomy":"product_brand","embeddable":true,"href":"https:\/\/shop.kustom.ch\/fr\/wp-json\/wp\/v2\/product_brand?post=102012"},{"taxonomy":"product_cat","embeddable":true,"href":"https:\/\/shop.kustom.ch\/fr\/wp-json\/wp\/v2\/product_cat?post=102012"},{"taxonomy":"product_tag","embeddable":true,"href":"https:\/\/shop.kustom.ch\/fr\/wp-json\/wp\/v2\/product_tag?post=102012"}],"curies":[{"name":"wp","href":"https:\/\/api.w.org\/{rel}","templated":true}]}}