{"id":101717,"date":"2024-03-20T17:23:32","date_gmt":"2024-03-20T16:23:32","guid":{"rendered":"https:\/\/kustomshop.kinsta.cloud\/produkt\/progress-2-0-solid-jersey-m\/"},"modified":"2026-03-27T14:50:29","modified_gmt":"2026-03-27T13:50:29","slug":"progress-2-0-solid-jersey-m","status":"publish","type":"product","link":"https:\/\/shop.kustom.ch\/fr\/produit\/progress-2-0-solid-jersey-m\/","title":{"rendered":"Progress 2.0 Maillot solide M"},"content":{"rendered":"<p>Le Progress 2.0 Solid Jersey est un maillot de comp\u00e9tition de niveau avanc\u00e9, fabriqu\u00e9 dans un tissu stretch fonctionnel et offrant une meilleure \u00e9vacuation de l'humidit\u00e9 pour des performances maximales. Il pr\u00e9sente un design classique et uni, un col int\u00e9rieur c\u00f4tel\u00e9 et des poignets c\u00f4tel\u00e9s. De plus, les inserts en mesh sous les aisselles permettent une gestion efficace de la temp\u00e9rature corporelle et la grande \u00e9lasticit\u00e9 assure un confort agr\u00e9able et une libert\u00e9 de mouvement optimale.-Design classique et uni-Col et poignets contrast\u00e9s-Mat\u00e9riau l\u00e9ger et fonctionnel-Mesh sous les aisselles pour une meilleure ventilation-Col int\u00e9rieur c\u00f4tel\u00e9 et poignets c\u00f4tel\u00e9s-Polyester recycl\u00e9 r\u00e9duit l'empreinte \u00e9cologique<\/p>\n<p>Mat\u00e9riau : 100% polyester recycl\u00e9<\/p>","protected":false},"excerpt":{"rendered":"<p><span><\/span><\/p>","protected":false},"featured_media":101716,"template":"","meta":[],"product_brand":[],"product_cat":[4201],"product_tag":[],"class_list":{"0":"post-101717","1":"product","2":"type-product","3":"status-publish","4":"has-post-thumbnail","6":"product_cat-t-shirts","7":"pa_brand-craft-teamwear","8":"pa_brand-type-sportswear","9":"pa_filter-color-blau","10":"pa_filter-color-gruen","11":"pa_filter-color-rot","12":"pa_filter-color-schwarz","13":"pa_filter-color-violet","14":"pa_filter-color-weiss","16":"first","17":"instock","18":"sale","19":"taxable","20":"shipping-taxable","21":"purchasable","22":"product-type-variable","23":"add-to-wishlist-before_image"},"exclude_global_add_ons":[],"addons":[],"acf":[],"_links":{"self":[{"href":"https:\/\/shop.kustom.ch\/fr\/wp-json\/wp\/v2\/product\/101717"}],"collection":[{"href":"https:\/\/shop.kustom.ch\/fr\/wp-json\/wp\/v2\/product"}],"about":[{"href":"https:\/\/shop.kustom.ch\/fr\/wp-json\/wp\/v2\/types\/product"}],"wp:featuredmedia":[{"embeddable":true,"href":"https:\/\/shop.kustom.ch\/fr\/wp-json\/wp\/v2\/media\/101716"}],"wp:attachment":[{"href":"https:\/\/shop.kustom.ch\/fr\/wp-json\/wp\/v2\/media?parent=101717"}],"wp:term":[{"taxonomy":"product_brand","embeddable":true,"href":"https:\/\/shop.kustom.ch\/fr\/wp-json\/wp\/v2\/product_brand?post=101717"},{"taxonomy":"product_cat","embeddable":true,"href":"https:\/\/shop.kustom.ch\/fr\/wp-json\/wp\/v2\/product_cat?post=101717"},{"taxonomy":"product_tag","embeddable":true,"href":"https:\/\/shop.kustom.ch\/fr\/wp-json\/wp\/v2\/product_tag?post=101717"}],"curies":[{"name":"wp","href":"https:\/\/api.w.org\/{rel}","templated":true}]}}