{"id":101701,"date":"2024-03-20T17:23:26","date_gmt":"2024-03-20T16:23:26","guid":{"rendered":"https:\/\/kustomshop.kinsta.cloud\/produkt\/evolve-slim-pants-jr\/"},"modified":"2026-03-27T15:35:30","modified_gmt":"2026-03-27T14:35:30","slug":"evolve-slim-pants-jr","status":"publish","type":"product","link":"https:\/\/shop.kustom.ch\/fr\/produit\/evolve-slim-pants-jr\/","title":{"rendered":"Evolve Slim Pants JR"},"content":{"rendered":"<p>Les Evolve Slim Pants sont des pantalons d'entra\u00eenement stretch \u00e0 la coupe ajust\u00e9e qui offrent une excellente \u00e9vacuation de l'humidit\u00e9 lors d'un entra\u00eenement intensif. Les pants sont fabriqu\u00e9s \u00e0 partir de mat\u00e9riaux recycl\u00e9s afin de r\u00e9duire notre empreinte \u00e9cologique. La ceinture \u00e9lastique avec cordon de serrage assure un maintien optimal. Coupe ajust\u00e9e.<\/p>\n<p>- Mat\u00e9riaux stretch r\u00e9sistants et fonctionnels<br \/>\n- Le fil teint par jet r\u00e9duit l'empreinte \u00e9cologique<br \/>\n- Ceinture \u00e9lastique avec cordon de serrage<br \/>\n- Coupe ajust\u00e9e<br \/>\n- +BQ4<\/p>\n<p>Mat\u00e9riau : 100% polyester recycl\u00e9<\/p>","protected":false},"excerpt":{"rendered":"<p><span><\/span><\/p>","protected":false},"featured_media":101700,"template":"","meta":[],"product_brand":[],"product_cat":[4185],"product_tag":[],"class_list":{"0":"post-101701","1":"product","2":"type-product","3":"status-publish","4":"has-post-thumbnail","6":"product_cat-hosen","7":"pa_brand-craft-teamwear","8":"pa_brand-type-sportswear","9":"pa_filter-color-blau","10":"pa_filter-color-grau","11":"pa_filter-color-schwarz","13":"first","14":"instock","15":"sale","16":"taxable","17":"shipping-taxable","18":"purchasable","19":"product-type-variable","20":"add-to-wishlist-before_image"},"exclude_global_add_ons":[],"addons":[],"acf":[],"_links":{"self":[{"href":"https:\/\/shop.kustom.ch\/fr\/wp-json\/wp\/v2\/product\/101701"}],"collection":[{"href":"https:\/\/shop.kustom.ch\/fr\/wp-json\/wp\/v2\/product"}],"about":[{"href":"https:\/\/shop.kustom.ch\/fr\/wp-json\/wp\/v2\/types\/product"}],"wp:featuredmedia":[{"embeddable":true,"href":"https:\/\/shop.kustom.ch\/fr\/wp-json\/wp\/v2\/media\/101700"}],"wp:attachment":[{"href":"https:\/\/shop.kustom.ch\/fr\/wp-json\/wp\/v2\/media?parent=101701"}],"wp:term":[{"taxonomy":"product_brand","embeddable":true,"href":"https:\/\/shop.kustom.ch\/fr\/wp-json\/wp\/v2\/product_brand?post=101701"},{"taxonomy":"product_cat","embeddable":true,"href":"https:\/\/shop.kustom.ch\/fr\/wp-json\/wp\/v2\/product_cat?post=101701"},{"taxonomy":"product_tag","embeddable":true,"href":"https:\/\/shop.kustom.ch\/fr\/wp-json\/wp\/v2\/product_tag?post=101701"}],"curies":[{"name":"wp","href":"https:\/\/api.w.org\/{rel}","templated":true}]}}