{"id":101591,"date":"2024-03-20T17:22:49","date_gmt":"2024-03-20T16:22:49","guid":{"rendered":"https:\/\/kustomshop.kinsta.cloud\/produkt\/evolve-pants-m\/"},"modified":"2026-03-27T15:33:50","modified_gmt":"2026-03-27T14:33:50","slug":"evolve-pants-m","status":"publish","type":"product","link":"https:\/\/shop.kustom.ch\/fr\/produit\/evolve-pants-m\/","title":{"rendered":"Evolve Pants M"},"content":{"rendered":"<p>Les Evolve Pants sont des pantalons d'entra\u00eenement r\u00e9sistants en mati\u00e8re stretch qui offrent une excellente \u00e9vacuation de l'humidit\u00e9 lors d'un entra\u00eenement intensif. Les pants sont fabriqu\u00e9s \u00e0 partir de mat\u00e9riaux recycl\u00e9s afin de r\u00e9duire notre empreinte \u00e9cologique. La ceinture \u00e9lastique avec cordon de serrage assure un maintien optimal. Fermeture \u00e0 glissi\u00e8re aux extr\u00e9mit\u00e9s des jambes pour faciliter l'enfilage et le retrait. Poches lat\u00e9rales avec fermeture \u00e9clair.<\/p>\n<p>- Mat\u00e9riaux stretch r\u00e9sistants et fonctionnels<br \/>\n- Le fil teint par jet r\u00e9duit l'empreinte \u00e9cologique<br \/>\n- Ceinture \u00e9lastique avec cordon de serrage<br \/>\n- fermeture \u00e9clair au bas des jambes pour un habillage et un d\u00e9shabillage rapides<br \/>\n- Poches lat\u00e9rales<\/p>\n<p>Mat\u00e9riau : 100% polyester recycl\u00e9<\/p>","protected":false},"excerpt":{"rendered":"<p><span><\/span><\/p>","protected":false},"featured_media":101590,"template":"","meta":[],"product_brand":[],"product_cat":[4185],"product_tag":[],"class_list":{"0":"post-101591","1":"product","2":"type-product","3":"status-publish","4":"has-post-thumbnail","6":"product_cat-hosen","7":"pa_brand-craft-teamwear","8":"pa_brand-type-sportswear","9":"pa_filter-color-blau","10":"pa_filter-color-grau","11":"pa_filter-color-schwarz","13":"first","14":"instock","15":"sale","16":"taxable","17":"shipping-taxable","18":"purchasable","19":"product-type-variable","20":"add-to-wishlist-before_image"},"exclude_global_add_ons":[],"addons":[],"acf":[],"_links":{"self":[{"href":"https:\/\/shop.kustom.ch\/fr\/wp-json\/wp\/v2\/product\/101591"}],"collection":[{"href":"https:\/\/shop.kustom.ch\/fr\/wp-json\/wp\/v2\/product"}],"about":[{"href":"https:\/\/shop.kustom.ch\/fr\/wp-json\/wp\/v2\/types\/product"}],"wp:featuredmedia":[{"embeddable":true,"href":"https:\/\/shop.kustom.ch\/fr\/wp-json\/wp\/v2\/media\/101590"}],"wp:attachment":[{"href":"https:\/\/shop.kustom.ch\/fr\/wp-json\/wp\/v2\/media?parent=101591"}],"wp:term":[{"taxonomy":"product_brand","embeddable":true,"href":"https:\/\/shop.kustom.ch\/fr\/wp-json\/wp\/v2\/product_brand?post=101591"},{"taxonomy":"product_cat","embeddable":true,"href":"https:\/\/shop.kustom.ch\/fr\/wp-json\/wp\/v2\/product_cat?post=101591"},{"taxonomy":"product_tag","embeddable":true,"href":"https:\/\/shop.kustom.ch\/fr\/wp-json\/wp\/v2\/product_tag?post=101591"}],"curies":[{"name":"wp","href":"https:\/\/api.w.org\/{rel}","templated":true}]}}