{"id":101101,"date":"2024-03-20T17:20:42","date_gmt":"2024-03-20T16:20:42","guid":{"rendered":"https:\/\/kustomshop.kinsta.cloud\/produkt\/evolve-halfzip-jr\/"},"modified":"2026-03-27T14:02:32","modified_gmt":"2026-03-27T13:02:32","slug":"evolve-halfzip-jr","status":"publish","type":"product","link":"https:\/\/shop.kustom.ch\/fr\/produit\/evolve-halfzip-jr\/","title":{"rendered":"Evolve Halfzip JR"},"content":{"rendered":"<p>Evolve Half Zip est un jersey mi-couche r\u00e9sistant en mati\u00e8re stretch qui offre une excellente \u00e9vacuation de l'humidit\u00e9 lors d'un entra\u00eenement intensif. Ce jersey \u00e0 manches longues et fermeture \u00e9clair mi-longue est fabriqu\u00e9 \u00e0 partir de mat\u00e9riaux recycl\u00e9s afin de r\u00e9duire notre empreinte \u00e9cologique.<\/p>\n<p>- Maillot en polyester doux avec d\u00e9tails en mesh pour une bonne \u00e9vacuation de l'humidit\u00e9<br \/>\n- Coupe normale<br \/>\n- Logo Craft sur le devant<br \/>\n- Logo Six Dots au dos<\/p>\n<p>Mat\u00e9riau : 100% polyester recycl\u00e9<\/p>","protected":false},"excerpt":{"rendered":"<p><span><\/span><\/p>","protected":false},"featured_media":101100,"template":"","meta":[],"product_brand":[],"product_cat":[4191],"product_tag":[],"class_list":{"0":"post-101101","1":"product","2":"type-product","3":"status-publish","4":"has-post-thumbnail","6":"product_cat-longsleeves-sweatshirts","7":"pa_brand-craft-teamwear","8":"pa_brand-type-sportswear","9":"pa_filter-color-blau","10":"pa_filter-color-grau","11":"pa_filter-color-gruen","12":"pa_filter-color-rot","13":"pa_filter-color-schwarz","14":"pa_filter-color-violet","15":"pa_filter-color-weiss","17":"first","18":"instock","19":"sale","20":"taxable","21":"shipping-taxable","22":"purchasable","23":"product-type-variable","24":"add-to-wishlist-before_image"},"exclude_global_add_ons":[],"addons":[],"acf":[],"_links":{"self":[{"href":"https:\/\/shop.kustom.ch\/fr\/wp-json\/wp\/v2\/product\/101101"}],"collection":[{"href":"https:\/\/shop.kustom.ch\/fr\/wp-json\/wp\/v2\/product"}],"about":[{"href":"https:\/\/shop.kustom.ch\/fr\/wp-json\/wp\/v2\/types\/product"}],"wp:featuredmedia":[{"embeddable":true,"href":"https:\/\/shop.kustom.ch\/fr\/wp-json\/wp\/v2\/media\/101100"}],"wp:attachment":[{"href":"https:\/\/shop.kustom.ch\/fr\/wp-json\/wp\/v2\/media?parent=101101"}],"wp:term":[{"taxonomy":"product_brand","embeddable":true,"href":"https:\/\/shop.kustom.ch\/fr\/wp-json\/wp\/v2\/product_brand?post=101101"},{"taxonomy":"product_cat","embeddable":true,"href":"https:\/\/shop.kustom.ch\/fr\/wp-json\/wp\/v2\/product_cat?post=101101"},{"taxonomy":"product_tag","embeddable":true,"href":"https:\/\/shop.kustom.ch\/fr\/wp-json\/wp\/v2\/product_tag?post=101101"}],"curies":[{"name":"wp","href":"https:\/\/api.w.org\/{rel}","templated":true}]}}